{"id":84,"date":"2017-02-10T14:18:14","date_gmt":"2017-02-10T14:18:14","guid":{"rendered":"https:\/\/www.wertraum.com\/schmidt\/?page_id=84"},"modified":"2017-11-12T21:27:36","modified_gmt":"2017-11-12T21:27:36","slug":"geldanlagen","status":"publish","type":"page","link":"https:\/\/www.wertraum.com\/schmidt\/geldanlagen\/","title":{"rendered":"Geldanlagen"},"content":{"rendered":"<p>[et_pb_section background_image=&#8220;https:\/\/www.wertraum.com\/schmidt\/wp-content\/uploads\/2017\/11\/iStock-546200366_h.jpg&#8220; transparent_background=&#8220;off&#8220; allow_player_pause=&#8220;off&#8220; inner_shadow=&#8220;off&#8220; parallax=&#8220;off&#8220; parallax_method=&#8220;on&#8220; custom_padding=&#8220;54px|0px|312px|0px&#8220; padding_mobile=&#8220;off&#8220; make_fullwidth=&#8220;off&#8220; use_custom_width=&#8220;off&#8220; width_unit=&#8220;off&#8220; custom_width_px=&#8220;1080px&#8220; custom_width_percent=&#8220;80%&#8220; make_equal=&#8220;off&#8220; use_custom_gutter=&#8220;off&#8220; fullwidth=&#8220;off&#8220; specialty=&#8220;off&#8220; admin_label=&#8220;section&#8220; disabled=&#8220;off&#8220;][et_pb_row make_fullwidth=&#8220;off&#8220; use_custom_width=&#8220;off&#8220; width_unit=&#8220;off&#8220; custom_width_px=&#8220;1080px&#8220; custom_width_percent=&#8220;80%&#8220; use_custom_gutter=&#8220;off&#8220; gutter_width=&#8220;3&#8243; padding_mobile=&#8220;off&#8220; allow_player_pause=&#8220;off&#8220; parallax=&#8220;off&#8220; parallax_method=&#8220;on&#8220; make_equal=&#8220;off&#8220; column_padding_mobile=&#8220;on&#8220; parallax_1=&#8220;off&#8220; parallax_method_1=&#8220;on&#8220; parallax_2=&#8220;off&#8220; parallax_method_2=&#8220;on&#8220; parallax_3=&#8220;off&#8220; parallax_method_3=&#8220;on&#8220; parallax_4=&#8220;off&#8220; parallax_method_4=&#8220;on&#8220; admin_label=&#8220;row&#8220; disabled=&#8220;off&#8220;][et_pb_column type=&#8220;4_4&#8243; disabled=&#8220;off&#8220; parallax=&#8220;off&#8220; parallax_method=&#8220;on&#8220; column_padding_mobile=&#8220;on&#8220;][et_pb_image show_in_lightbox=&#8220;off&#8220; url_new_window=&#8220;off&#8220; use_overlay=&#8220;off&#8220; sticky=&#8220;off&#8220; align=&#8220;left&#8220; force_fullwidth=&#8220;off&#8220; always_center_on_mobile=&#8220;on&#8220; admin_label=&#8220;Bild&#8220; use_border_color=&#8220;off&#8220; border_color=&#8220;#ffffff&#8220; border_width=&#8220;1px&#8220; border_style=&#8220;solid&#8220; disabled=&#8220;off&#8220;] [\/et_pb_image][\/et_pb_column][\/et_pb_row][\/et_pb_section][et_pb_section transparent_background=&#8220;off&#8220; allow_player_pause=&#8220;off&#8220; inner_shadow=&#8220;off&#8220; parallax=&#8220;off&#8220; parallax_method=&#8220;on&#8220; padding_mobile=&#8220;off&#8220; make_fullwidth=&#8220;off&#8220; use_custom_width=&#8220;off&#8220; width_unit=&#8220;off&#8220; custom_width_px=&#8220;1080px&#8220; custom_width_percent=&#8220;80%&#8220; make_equal=&#8220;off&#8220; use_custom_gutter=&#8220;off&#8220; fullwidth=&#8220;off&#8220; specialty=&#8220;off&#8220; admin_label=&#8220;section&#8220; disabled=&#8220;off&#8220;][et_pb_row make_fullwidth=&#8220;off&#8220; use_custom_width=&#8220;off&#8220; width_unit=&#8220;off&#8220; custom_width_px=&#8220;1080px&#8220; custom_width_percent=&#8220;80%&#8220; use_custom_gutter=&#8220;off&#8220; gutter_width=&#8220;3&#8243; padding_mobile=&#8220;off&#8220; allow_player_pause=&#8220;off&#8220; parallax=&#8220;off&#8220; parallax_method=&#8220;on&#8220; make_equal=&#8220;off&#8220; column_padding_mobile=&#8220;on&#8220; parallax_1=&#8220;off&#8220; parallax_method_1=&#8220;on&#8220; parallax_2=&#8220;off&#8220; parallax_method_2=&#8220;on&#8220; parallax_3=&#8220;off&#8220; parallax_method_3=&#8220;on&#8220; parallax_4=&#8220;off&#8220; parallax_method_4=&#8220;on&#8220; admin_label=&#8220;row&#8220; disabled=&#8220;off&#8220;][et_pb_column type=&#8220;2_3&#8243; disabled=&#8220;off&#8220; parallax=&#8220;off&#8220; parallax_method=&#8220;on&#8220; column_padding_mobile=&#8220;on&#8220;][et_pb_text background_layout=&#8220;light&#8220; text_orientation=&#8220;left&#8220; admin_label=&#8220;Text&#8220; use_border_color=&#8220;off&#8220; border_style=&#8220;solid&#8220; disabled=&#8220;off&#8220;]<\/p>\n<h2 style=\"background-color: #ffffff; font-size: 22px;\"><span style=\"font-size: 22px; color: #2f508f;\">Geldanlagen<\/span><\/h2>\n<p style=\"background-color: #ffffff;\"><strong style=\"font-size: 14px;\"><br \/><\/strong><span style=\"background-color: #ffffff;\">Welche Geldanlage passt zu den eigenen Zielen und W&uuml;nschen? Welche Anlage ist flexibel, welche ertragreich? Wo ist das Geld sicher? Wir beraten Sie Schritt f&uuml;r Schritt, um all diese Fragen zu kl&auml;ren:&nbsp;<\/span><\/p>\n<p style=\"background-color: #ffffff;\">Zun&auml;chst besprechen wir detailliert Ihre Situation und Ihre W&uuml;nsche. Im zweiten Schritt ermitteln wir Ihre Ertragserwartung im Vergleich zu Ihrer Risikobereitschaft, um sp&auml;ter eine grunds&auml;tzliche Anlagestrategie, also eine Verm&ouml;gensstrukturierung zu entwickeln.&nbsp;<\/p>\n<p style=\"background-color: #ffffff;\">\n<p style=\"background-color: #ffffff;\"><strong>Dar&uuml;ber hinaus bieten wir folgende Portfoliol&ouml;sungen an:<\/strong><\/p>\n<\/p>\n<p>[\/et_pb_text][et_pb_button button_url=&#8220;\/schmidt\/portfolio-sicherung-ertrag\/&#8220; url_new_window=&#8220;off&#8220; button_text=&#8220;Portfolio \u201eSicherheit &#038; Ertrag\u201c&#8220; background_layout=&#8220;dark&#8220; custom_button=&#8220;off&#8220; button_text_size=&#8220;16&#8243; button_use_icon=&#8220;on&#8220; button_icon_placement=&#8220;right&#8220; button_on_hover=&#8220;on&#8220; button_letter_spacing_hover=&#8220;0&#8243; disabled=&#8220;off&#8220;][\/et_pb_button][et_pb_button button_url=&#8220;\/schmidt\/weltweites-aktienportfolio\/&#8220; url_new_window=&#8220;off&#8220; button_text=&#8220;Weltweite Aktienportfolios&#8220; background_layout=&#8220;dark&#8220; custom_button=&#8220;off&#8220; button_text_size=&#8220;16&#8243; button_use_icon=&#8220;on&#8220; button_icon_placement=&#8220;right&#8220; button_on_hover=&#8220;on&#8220; button_letter_spacing_hover=&#8220;0&#8243; disabled=&#8220;off&#8220;][\/et_pb_button][\/et_pb_column][et_pb_column type=&#8220;1_3&#8243; disabled=&#8220;off&#8220; parallax=&#8220;off&#8220; parallax_method=&#8220;on&#8220; column_padding_mobile=&#8220;on&#8220;][et_pb_text background_layout=&#8220;light&#8220; text_orientation=&#8220;left&#8220; use_border_color=&#8220;off&#8220; border_style=&#8220;solid&#8220; disabled=&#8220;off&#8220; global_module=&#8220;258&#8243; saved_tabs=&#8220;all&#8220;]<\/p>\n<h2>Ihr Berater vor Ort<\/h2>\n<p>[\/et_pb_text][et_pb_image src=&#8220;https:\/\/www.wertraum.com\/schmidt\/wp-content\/uploads\/2017\/11\/berater_rs.jpg&#8220; show_in_lightbox=&#8220;off&#8220; url_new_window=&#8220;off&#8220; use_overlay=&#8220;off&#8220; animation=&#8220;off&#8220; sticky=&#8220;off&#8220; align=&#8220;left&#8220; force_fullwidth=&#8220;off&#8220; always_center_on_mobile=&#8220;on&#8220; use_border_color=&#8220;off&#8220; border_color=&#8220;#ffffff&#8220; border_width=&#8220;1px&#8220; border_style=&#8220;solid&#8220; disabled=&#8220;off&#8220; global_module=&#8220;260&#8243; saved_tabs=&#8220;all&#8220;][\/et_pb_image][et_pb_text background_layout=&#8220;light&#8220; text_orientation=&#8220;left&#8220; admin_label=&#8220;Text&#8220; use_border_color=&#8220;off&#8220; border_color=&#8220;#ffffff&#8220; border_style=&#8220;solid&#8220; custom_margin=&#8220;-10px||0px|&#8220; disabled=&#8220;off&#8220; global_module=&#8220;261&#8243; saved_tabs=&#8220;all&#8220;]<\/p>\n<h3><\/h3>\n<p><strong>Ralf Schmidt<\/strong><b><br \/><\/b><em>Finanz- und Versicherungsmakler<\/em><\/p>\n<p>Langgasse 81<br \/>67454 Ha\u00dfloch<\/p>\n<p><strong>Telefon:\u00a0<\/strong>0 63 24 \/ 92 12 &#8211; 0<br \/><strong>Fax:<\/strong>\u00a00 63 24 \/ 92 12 &#8211; 40<br \/><strong>E-Mail:<\/strong>\u00a0<a href=\"mailto:r.schmidt@wertraum.com\">r.schmidt@wertraum.com<\/a><\/p>\n<p>\u00a0<\/p>\n<p>Ich berate Sie gerne:<\/p>\n<p>\u00a0<\/p>\n<p>[\/et_pb_text][et_pb_button button_url=&#8220;\/schmidt\/kontakt&#8220; url_new_window=&#8220;on&#8220; button_text=&#8220;Jetzt Termin vereinbaren&#8220; button_alignment=&#8220;left&#8220; background_layout=&#8220;dark&#8220; custom_button=&#8220;off&#8220; button_text_size=&#8220;20&#8243; button_use_icon=&#8220;on&#8220; button_icon_placement=&#8220;right&#8220; button_on_hover=&#8220;on&#8220; button_letter_spacing_hover=&#8220;0&#8243; disabled=&#8220;off&#8220; global_module=&#8220;262&#8243; saved_tabs=&#8220;all&#8220;][\/et_pb_button][\/et_pb_column][\/et_pb_row][\/et_pb_section][et_pb_section transparent_background=&#8220;off&#8220; background_color=&#8220;#f2f2f2&#8243; allow_player_pause=&#8220;off&#8220; inner_shadow=&#8220;off&#8220; parallax=&#8220;off&#8220; parallax_method=&#8220;on&#8220; custom_padding=&#8220;0px|0px|0px|0px&#8220; padding_mobile=&#8220;off&#8220; make_fullwidth=&#8220;off&#8220; use_custom_width=&#8220;off&#8220; width_unit=&#8220;off&#8220; custom_width_px=&#8220;1080px&#8220; custom_width_percent=&#8220;80%&#8220; make_equal=&#8220;off&#8220; use_custom_gutter=&#8220;off&#8220; fullwidth=&#8220;off&#8220; specialty=&#8220;off&#8220; admin_label=&#8220;section&#8220; disabled=&#8220;off&#8220; global_module=&#8220;210&#8243;][et_pb_row make_fullwidth=&#8220;off&#8220; use_custom_width=&#8220;off&#8220; width_unit=&#8220;off&#8220; custom_width_px=&#8220;1080px&#8220; custom_width_percent=&#8220;80%&#8220; use_custom_gutter=&#8220;off&#8220; gutter_width=&#8220;3&#8243; custom_padding=&#8220;30px|0px|30px|0px&#8220; padding_mobile=&#8220;off&#8220; allow_player_pause=&#8220;off&#8220; parallax=&#8220;off&#8220; parallax_method=&#8220;on&#8220; make_equal=&#8220;off&#8220; column_padding_mobile=&#8220;on&#8220; parallax_1=&#8220;off&#8220; parallax_method_1=&#8220;on&#8220; parallax_2=&#8220;off&#8220; parallax_method_2=&#8220;on&#8220; parallax_3=&#8220;off&#8220; parallax_method_3=&#8220;on&#8220; parallax_4=&#8220;off&#8220; parallax_method_4=&#8220;on&#8220; disabled=&#8220;off&#8220;][et_pb_column type=&#8220;1_2&#8243; disabled=&#8220;off&#8220; parallax=&#8220;off&#8220; parallax_method=&#8220;on&#8220; column_padding_mobile=&#8220;on&#8220;][et_pb_text background_layout=&#8220;light&#8220; text_orientation=&#8220;left&#8220; use_border_color=&#8220;off&#8220; border_style=&#8220;solid&#8220; disabled=&#8220;off&#8220;]<\/p>\n<p><span>\u00a9 Ralf Schmidt <\/span><span>wertraum GmbH<\/span><\/p>\n<p>[\/et_pb_text][\/et_pb_column][et_pb_column type=&#8220;1_2&#8243; disabled=&#8220;off&#8220; parallax=&#8220;off&#8220; parallax_method=&#8220;on&#8220; column_padding_mobile=&#8220;on&#8220;][et_pb_text background_layout=&#8220;light&#8220; text_orientation=&#8220;left&#8220; use_border_color=&#8220;off&#8220; border_style=&#8220;solid&#8220; disabled=&#8220;off&#8220;]<\/p>\n<p style=\"text-align: right;\"><a href=\"..\/datenschutz\/\"><strong style=\"background-color: #f2f2f2; font-size: 14px; text-align: right;\">Datenschutzerkl\u00e4rung\u00a0<\/strong><\/a><span style=\"font-size: 14px; text-align: right; background-color: #f2f2f2;\">|\u00a0<\/span><a href=\"https:\/\/www.wertraum.com\/schmidt\/impressum\/\" style=\"background-color: #f2f2f2; font-size: 14px; text-align: right;\"><strong style=\"font-size: 14px;\">Impressum<\/strong><\/a><\/p>\n<p>[\/et_pb_text][\/et_pb_column][\/et_pb_row][\/et_pb_section]<\/p>\n","protected":false},"excerpt":{"rendered":"<p>[et_pb_section background_image=&#8220;https:\/\/www.wertraum.com\/schmidt\/wp-content\/uploads\/2017\/11\/iStock-546200366_h.jpg&#8220; transparent_background=&#8220;off&#8220; allow_player_pause=&#8220;off&#8220; inner_shadow=&#8220;off&#8220; parallax=&#8220;off&#8220; parallax_method=&#8220;on&#8220; custom_padding=&#8220;54px|0px|312px|0px&#8220; padding_mobile=&#8220;off&#8220; make_fullwidth=&#8220;off&#8220; use_custom_width=&#8220;off&#8220; width_unit=&#8220;off&#8220; custom_width_px=&#8220;1080px&#8220; custom_width_percent=&#8220;80%&#8220; make_equal=&#8220;off&#8220; use_custom_gutter=&#8220;off&#8220; fullwidth=&#8220;off&#8220; specialty=&#8220;off&#8220; admin_label=&#8220;section&#8220; disabled=&#8220;off&#8220;][et_pb_row make_fullwidth=&#8220;off&#8220; use_custom_width=&#8220;off&#8220; width_unit=&#8220;off&#8220; custom_width_px=&#8220;1080px&#8220; custom_width_percent=&#8220;80%&#8220; use_custom_gutter=&#8220;off&#8220; gutter_width=&#8220;3&#8243; padding_mobile=&#8220;off&#8220; allow_player_pause=&#8220;off&#8220; parallax=&#8220;off&#8220; parallax_method=&#8220;on&#8220; make_equal=&#8220;off&#8220; column_padding_mobile=&#8220;on&#8220; parallax_1=&#8220;off&#8220; parallax_method_1=&#8220;on&#8220; parallax_2=&#8220;off&#8220; parallax_method_2=&#8220;on&#8220; parallax_3=&#8220;off&#8220; parallax_method_3=&#8220;on&#8220; parallax_4=&#8220;off&#8220; parallax_method_4=&#8220;on&#8220; admin_label=&#8220;row&#8220; disabled=&#8220;off&#8220;][et_pb_column type=&#8220;4_4&#8243; disabled=&#8220;off&#8220; parallax=&#8220;off&#8220; parallax_method=&#8220;on&#8220; column_padding_mobile=&#8220;on&#8220;][et_pb_image show_in_lightbox=&#8220;off&#8220; url_new_window=&#8220;off&#8220; use_overlay=&#8220;off&#8220; sticky=&#8220;off&#8220; align=&#8220;left&#8220; force_fullwidth=&#8220;off&#8220; always_center_on_mobile=&#8220;on&#8220; [&hellip;]<\/p>\n","protected":false},"author":1,"featured_media":0,"parent":0,"menu_order":0,"comment_status":"closed","ping_status":"closed","template":"","meta":{"_mi_skip_tracking":false},"yoast_head":"<!-- This site is optimized with the Yoast SEO plugin v19.1 - https:\/\/yoast.com\/wordpress\/plugins\/seo\/ -->\n<title>Geldanlagen &bull; Unabh\u00e4ngige Finanz- und Versicherungsberatung | Ralf Schmidt wertraum GmbH<\/title>\n<meta name=\"robots\" content=\"index, follow, max-snippet:-1, max-image-preview:large, max-video-preview:-1\" \/>\n<link rel=\"canonical\" href=\"https:\/\/www.wertraum.com\/schmidt\/geldanlagen\/\" \/>\n<meta property=\"og:locale\" content=\"de_DE\" \/>\n<meta property=\"og:type\" content=\"article\" \/>\n<meta property=\"og:title\" content=\"Geldanlagen &bull; Unabh\u00e4ngige Finanz- und Versicherungsberatung | Ralf Schmidt wertraum GmbH\" \/>\n<meta property=\"og:description\" content=\"[et_pb_section background_image=&#8220;https:\/\/www.wertraum.com\/schmidt\/wp-content\/uploads\/2017\/11\/iStock-546200366_h.jpg&#8220; transparent_background=&#8220;off&#8220; allow_player_pause=&#8220;off&#8220; inner_shadow=&#8220;off&#8220; parallax=&#8220;off&#8220; parallax_method=&#8220;on&#8220; custom_padding=&#8220;54px|0px|312px|0px&#8220; padding_mobile=&#8220;off&#8220; make_fullwidth=&#8220;off&#8220; use_custom_width=&#8220;off&#8220; width_unit=&#8220;off&#8220; custom_width_px=&#8220;1080px&#8220; custom_width_percent=&#8220;80%&#8220; make_equal=&#8220;off&#8220; use_custom_gutter=&#8220;off&#8220; fullwidth=&#8220;off&#8220; specialty=&#8220;off&#8220; admin_label=&#8220;section&#8220; disabled=&#8220;off&#8220;][et_pb_row make_fullwidth=&#8220;off&#8220; use_custom_width=&#8220;off&#8220; width_unit=&#8220;off&#8220; custom_width_px=&#8220;1080px&#8220; custom_width_percent=&#8220;80%&#8220; use_custom_gutter=&#8220;off&#8220; gutter_width=&#8220;3&#8243; padding_mobile=&#8220;off&#8220; allow_player_pause=&#8220;off&#8220; parallax=&#8220;off&#8220; parallax_method=&#8220;on&#8220; make_equal=&#8220;off&#8220; column_padding_mobile=&#8220;on&#8220; parallax_1=&#8220;off&#8220; parallax_method_1=&#8220;on&#8220; parallax_2=&#8220;off&#8220; parallax_method_2=&#8220;on&#8220; parallax_3=&#8220;off&#8220; parallax_method_3=&#8220;on&#8220; parallax_4=&#8220;off&#8220; parallax_method_4=&#8220;on&#8220; admin_label=&#8220;row&#8220; disabled=&#8220;off&#8220;][et_pb_column type=&#8220;4_4&#8243; disabled=&#8220;off&#8220; parallax=&#8220;off&#8220; parallax_method=&#8220;on&#8220; column_padding_mobile=&#8220;on&#8220;][et_pb_image show_in_lightbox=&#8220;off&#8220; url_new_window=&#8220;off&#8220; use_overlay=&#8220;off&#8220; sticky=&#8220;off&#8220; align=&#8220;left&#8220; force_fullwidth=&#8220;off&#8220; always_center_on_mobile=&#8220;on&#8220; [&hellip;]\" \/>\n<meta property=\"og:url\" content=\"https:\/\/www.wertraum.com\/schmidt\/geldanlagen\/\" \/>\n<meta property=\"og:site_name\" content=\"Unabh\u00e4ngige Finanz- und Versicherungsberatung | Ralf Schmidt wertraum GmbH\" \/>\n<meta property=\"article:modified_time\" content=\"2017-11-12T21:27:36+00:00\" \/>\n<meta name=\"twitter:card\" content=\"summary_large_image\" \/>\n<meta name=\"twitter:label1\" content=\"Gesch\u00e4tzte Lesezeit\" \/>\n\t<meta name=\"twitter:data1\" content=\"5\u00a0Minuten\" \/>\n<script type=\"application\/ld+json\" class=\"yoast-schema-graph\">{\"@context\":\"https:\/\/schema.org\",\"@graph\":[{\"@type\":\"Organization\",\"@id\":\"https:\/\/www.wertraum.com\/schmidt\/#organization\",\"name\":\"Ralf Schmidt wertraum GmbH\",\"url\":\"https:\/\/www.wertraum.com\/schmidt\/\",\"sameAs\":[],\"logo\":{\"@type\":\"ImageObject\",\"inLanguage\":\"de\",\"@id\":\"https:\/\/www.wertraum.com\/schmidt\/#\/schema\/logo\/image\/\",\"url\":\"https:\/\/www.wertraum.com\/schmidt\/wp-content\/uploads\/2016\/11\/logo.png\",\"contentUrl\":\"https:\/\/www.wertraum.com\/schmidt\/wp-content\/uploads\/2016\/11\/logo.png\",\"width\":250,\"height\":76,\"caption\":\"Ralf Schmidt wertraum GmbH\"},\"image\":{\"@id\":\"https:\/\/www.wertraum.com\/schmidt\/#\/schema\/logo\/image\/\"}},{\"@type\":\"WebSite\",\"@id\":\"https:\/\/www.wertraum.com\/schmidt\/#website\",\"url\":\"https:\/\/www.wertraum.com\/schmidt\/\",\"name\":\"Unabh\u00e4ngige Finanz- und Versicherungsberatung | Ralf Schmidt wertraum GmbH\",\"description\":\"Als Finanz- und Versicherungsmakler handeln wir ungebunden. Wir beraten frei von \u00fcbergeordneten Konzerninteressen und unterhalten keine finanziellen Verflechtungen zu Banken, Versicherungen oder Investmenth\u00e4usern. Auf dieser Basis erarbeiten wir Finanzl\u00f6sungen, die sich ausschlie\u00dflich an Ihrem Bedarf orientieren. So stehen Sie mit Ihren Zielen und W\u00fcnschen im Mittelpunkt.\",\"publisher\":{\"@id\":\"https:\/\/www.wertraum.com\/schmidt\/#organization\"},\"potentialAction\":[{\"@type\":\"SearchAction\",\"target\":{\"@type\":\"EntryPoint\",\"urlTemplate\":\"https:\/\/www.wertraum.com\/schmidt\/?s={search_term_string}\"},\"query-input\":\"required name=search_term_string\"}],\"inLanguage\":\"de\"},{\"@type\":\"WebPage\",\"@id\":\"https:\/\/www.wertraum.com\/schmidt\/geldanlagen\/#webpage\",\"url\":\"https:\/\/www.wertraum.com\/schmidt\/geldanlagen\/\",\"name\":\"Geldanlagen &bull; Unabh\u00e4ngige Finanz- und Versicherungsberatung | Ralf Schmidt wertraum GmbH\",\"isPartOf\":{\"@id\":\"https:\/\/www.wertraum.com\/schmidt\/#website\"},\"datePublished\":\"2017-02-10T14:18:14+00:00\",\"dateModified\":\"2017-11-12T21:27:36+00:00\",\"breadcrumb\":{\"@id\":\"https:\/\/www.wertraum.com\/schmidt\/geldanlagen\/#breadcrumb\"},\"inLanguage\":\"de\",\"potentialAction\":[{\"@type\":\"ReadAction\",\"target\":[\"https:\/\/www.wertraum.com\/schmidt\/geldanlagen\/\"]}]},{\"@type\":\"BreadcrumbList\",\"@id\":\"https:\/\/www.wertraum.com\/schmidt\/geldanlagen\/#breadcrumb\",\"itemListElement\":[{\"@type\":\"ListItem\",\"position\":1,\"name\":\"Startseite\",\"item\":\"https:\/\/www.wertraum.com\/schmidt\/\"},{\"@type\":\"ListItem\",\"position\":2,\"name\":\"Geldanlagen\"}]}]}<\/script>\n<!-- \/ Yoast SEO plugin. -->","yoast_head_json":{"title":"Geldanlagen &bull; Unabh\u00e4ngige Finanz- und Versicherungsberatung | Ralf Schmidt wertraum GmbH","robots":{"index":"index","follow":"follow","max-snippet":"max-snippet:-1","max-image-preview":"max-image-preview:large","max-video-preview":"max-video-preview:-1"},"canonical":"https:\/\/www.wertraum.com\/schmidt\/geldanlagen\/","og_locale":"de_DE","og_type":"article","og_title":"Geldanlagen &bull; Unabh\u00e4ngige Finanz- und Versicherungsberatung | Ralf Schmidt wertraum GmbH","og_description":"[et_pb_section background_image=&#8220;https:\/\/www.wertraum.com\/schmidt\/wp-content\/uploads\/2017\/11\/iStock-546200366_h.jpg&#8220; transparent_background=&#8220;off&#8220; allow_player_pause=&#8220;off&#8220; inner_shadow=&#8220;off&#8220; parallax=&#8220;off&#8220; parallax_method=&#8220;on&#8220; custom_padding=&#8220;54px|0px|312px|0px&#8220; padding_mobile=&#8220;off&#8220; make_fullwidth=&#8220;off&#8220; use_custom_width=&#8220;off&#8220; width_unit=&#8220;off&#8220; custom_width_px=&#8220;1080px&#8220; custom_width_percent=&#8220;80%&#8220; make_equal=&#8220;off&#8220; use_custom_gutter=&#8220;off&#8220; fullwidth=&#8220;off&#8220; specialty=&#8220;off&#8220; admin_label=&#8220;section&#8220; disabled=&#8220;off&#8220;][et_pb_row make_fullwidth=&#8220;off&#8220; use_custom_width=&#8220;off&#8220; width_unit=&#8220;off&#8220; custom_width_px=&#8220;1080px&#8220; custom_width_percent=&#8220;80%&#8220; use_custom_gutter=&#8220;off&#8220; gutter_width=&#8220;3&#8243; padding_mobile=&#8220;off&#8220; allow_player_pause=&#8220;off&#8220; parallax=&#8220;off&#8220; parallax_method=&#8220;on&#8220; make_equal=&#8220;off&#8220; column_padding_mobile=&#8220;on&#8220; parallax_1=&#8220;off&#8220; parallax_method_1=&#8220;on&#8220; parallax_2=&#8220;off&#8220; parallax_method_2=&#8220;on&#8220; parallax_3=&#8220;off&#8220; parallax_method_3=&#8220;on&#8220; parallax_4=&#8220;off&#8220; parallax_method_4=&#8220;on&#8220; admin_label=&#8220;row&#8220; disabled=&#8220;off&#8220;][et_pb_column type=&#8220;4_4&#8243; disabled=&#8220;off&#8220; parallax=&#8220;off&#8220; parallax_method=&#8220;on&#8220; column_padding_mobile=&#8220;on&#8220;][et_pb_image show_in_lightbox=&#8220;off&#8220; url_new_window=&#8220;off&#8220; use_overlay=&#8220;off&#8220; sticky=&#8220;off&#8220; align=&#8220;left&#8220; force_fullwidth=&#8220;off&#8220; always_center_on_mobile=&#8220;on&#8220; [&hellip;]","og_url":"https:\/\/www.wertraum.com\/schmidt\/geldanlagen\/","og_site_name":"Unabh\u00e4ngige Finanz- und Versicherungsberatung | Ralf Schmidt wertraum GmbH","article_modified_time":"2017-11-12T21:27:36+00:00","twitter_card":"summary_large_image","twitter_misc":{"Gesch\u00e4tzte Lesezeit":"5\u00a0Minuten"},"schema":{"@context":"https:\/\/schema.org","@graph":[{"@type":"Organization","@id":"https:\/\/www.wertraum.com\/schmidt\/#organization","name":"Ralf Schmidt wertraum GmbH","url":"https:\/\/www.wertraum.com\/schmidt\/","sameAs":[],"logo":{"@type":"ImageObject","inLanguage":"de","@id":"https:\/\/www.wertraum.com\/schmidt\/#\/schema\/logo\/image\/","url":"https:\/\/www.wertraum.com\/schmidt\/wp-content\/uploads\/2016\/11\/logo.png","contentUrl":"https:\/\/www.wertraum.com\/schmidt\/wp-content\/uploads\/2016\/11\/logo.png","width":250,"height":76,"caption":"Ralf Schmidt wertraum GmbH"},"image":{"@id":"https:\/\/www.wertraum.com\/schmidt\/#\/schema\/logo\/image\/"}},{"@type":"WebSite","@id":"https:\/\/www.wertraum.com\/schmidt\/#website","url":"https:\/\/www.wertraum.com\/schmidt\/","name":"Unabh\u00e4ngige Finanz- und Versicherungsberatung | Ralf Schmidt wertraum GmbH","description":"Als Finanz- und Versicherungsmakler handeln wir ungebunden. Wir beraten frei von \u00fcbergeordneten Konzerninteressen und unterhalten keine finanziellen Verflechtungen zu Banken, Versicherungen oder Investmenth\u00e4usern. Auf dieser Basis erarbeiten wir Finanzl\u00f6sungen, die sich ausschlie\u00dflich an Ihrem Bedarf orientieren. So stehen Sie mit Ihren Zielen und W\u00fcnschen im Mittelpunkt.","publisher":{"@id":"https:\/\/www.wertraum.com\/schmidt\/#organization"},"potentialAction":[{"@type":"SearchAction","target":{"@type":"EntryPoint","urlTemplate":"https:\/\/www.wertraum.com\/schmidt\/?s={search_term_string}"},"query-input":"required name=search_term_string"}],"inLanguage":"de"},{"@type":"WebPage","@id":"https:\/\/www.wertraum.com\/schmidt\/geldanlagen\/#webpage","url":"https:\/\/www.wertraum.com\/schmidt\/geldanlagen\/","name":"Geldanlagen &bull; Unabh\u00e4ngige Finanz- und Versicherungsberatung | Ralf Schmidt wertraum GmbH","isPartOf":{"@id":"https:\/\/www.wertraum.com\/schmidt\/#website"},"datePublished":"2017-02-10T14:18:14+00:00","dateModified":"2017-11-12T21:27:36+00:00","breadcrumb":{"@id":"https:\/\/www.wertraum.com\/schmidt\/geldanlagen\/#breadcrumb"},"inLanguage":"de","potentialAction":[{"@type":"ReadAction","target":["https:\/\/www.wertraum.com\/schmidt\/geldanlagen\/"]}]},{"@type":"BreadcrumbList","@id":"https:\/\/www.wertraum.com\/schmidt\/geldanlagen\/#breadcrumb","itemListElement":[{"@type":"ListItem","position":1,"name":"Startseite","item":"https:\/\/www.wertraum.com\/schmidt\/"},{"@type":"ListItem","position":2,"name":"Geldanlagen"}]}]}},"_links":{"self":[{"href":"https:\/\/www.wertraum.com\/schmidt\/wp-json\/wp\/v2\/pages\/84"}],"collection":[{"href":"https:\/\/www.wertraum.com\/schmidt\/wp-json\/wp\/v2\/pages"}],"about":[{"href":"https:\/\/www.wertraum.com\/schmidt\/wp-json\/wp\/v2\/types\/page"}],"author":[{"embeddable":true,"href":"https:\/\/www.wertraum.com\/schmidt\/wp-json\/wp\/v2\/users\/1"}],"replies":[{"embeddable":true,"href":"https:\/\/www.wertraum.com\/schmidt\/wp-json\/wp\/v2\/comments?post=84"}],"version-history":[{"count":14,"href":"https:\/\/www.wertraum.com\/schmidt\/wp-json\/wp\/v2\/pages\/84\/revisions"}],"predecessor-version":[{"id":715,"href":"https:\/\/www.wertraum.com\/schmidt\/wp-json\/wp\/v2\/pages\/84\/revisions\/715"}],"wp:attachment":[{"href":"https:\/\/www.wertraum.com\/schmidt\/wp-json\/wp\/v2\/media?parent=84"}],"curies":[{"name":"wp","href":"https:\/\/api.w.org\/{rel}","templated":true}]}}