{"id":121,"date":"2017-07-31T19:42:27","date_gmt":"2017-07-31T19:42:27","guid":{"rendered":"https:\/\/www.wertraum.com\/schmidt\/?page_id=121"},"modified":"2017-11-21T22:57:54","modified_gmt":"2017-11-21T22:57:54","slug":"portfolio-sicherung-ertrag","status":"publish","type":"page","link":"https:\/\/www.wertraum.com\/schmidt\/portfolio-sicherung-ertrag\/","title":{"rendered":"Portfolio &#8222;Sicherung &#038; Ertrag&#8220;"},"content":{"rendered":"<p>[et_pb_section background_image=&#8220;https:\/\/www.wertraum.com\/schmidt\/wp-content\/uploads\/2017\/11\/iStock-546200366_h.jpg&#8220; transparent_background=&#8220;off&#8220; allow_player_pause=&#8220;off&#8220; inner_shadow=&#8220;off&#8220; parallax=&#8220;off&#8220; parallax_method=&#8220;on&#8220; custom_padding=&#8220;54px|0px|312px|0px&#8220; padding_mobile=&#8220;off&#8220; make_fullwidth=&#8220;off&#8220; use_custom_width=&#8220;off&#8220; width_unit=&#8220;off&#8220; custom_width_px=&#8220;1080px&#8220; custom_width_percent=&#8220;80%&#8220; make_equal=&#8220;off&#8220; use_custom_gutter=&#8220;off&#8220; fullwidth=&#8220;off&#8220; specialty=&#8220;off&#8220; admin_label=&#8220;section&#8220; disabled=&#8220;off&#8220;][et_pb_row make_fullwidth=&#8220;off&#8220; use_custom_width=&#8220;off&#8220; width_unit=&#8220;off&#8220; custom_width_px=&#8220;1080px&#8220; custom_width_percent=&#8220;80%&#8220; use_custom_gutter=&#8220;off&#8220; gutter_width=&#8220;3&#8243; padding_mobile=&#8220;off&#8220; allow_player_pause=&#8220;off&#8220; parallax=&#8220;off&#8220; parallax_method=&#8220;on&#8220; make_equal=&#8220;off&#8220; column_padding_mobile=&#8220;on&#8220; parallax_1=&#8220;off&#8220; parallax_method_1=&#8220;on&#8220; parallax_2=&#8220;off&#8220; parallax_method_2=&#8220;on&#8220; parallax_3=&#8220;off&#8220; parallax_method_3=&#8220;on&#8220; parallax_4=&#8220;off&#8220; parallax_method_4=&#8220;on&#8220; admin_label=&#8220;row&#8220; disabled=&#8220;off&#8220;][et_pb_column type=&#8220;4_4&#8243; disabled=&#8220;off&#8220; parallax=&#8220;off&#8220; parallax_method=&#8220;on&#8220; column_padding_mobile=&#8220;on&#8220;][et_pb_image show_in_lightbox=&#8220;off&#8220; url_new_window=&#8220;off&#8220; use_overlay=&#8220;off&#8220; sticky=&#8220;off&#8220; align=&#8220;left&#8220; force_fullwidth=&#8220;off&#8220; always_center_on_mobile=&#8220;on&#8220; admin_label=&#8220;Bild&#8220; use_border_color=&#8220;off&#8220; border_color=&#8220;#ffffff&#8220; border_width=&#8220;1px&#8220; border_style=&#8220;solid&#8220; disabled=&#8220;off&#8220;] [\/et_pb_image][\/et_pb_column][\/et_pb_row][\/et_pb_section][et_pb_section transparent_background=&#8220;off&#8220; allow_player_pause=&#8220;off&#8220; inner_shadow=&#8220;off&#8220; parallax=&#8220;off&#8220; parallax_method=&#8220;on&#8220; padding_mobile=&#8220;off&#8220; make_fullwidth=&#8220;off&#8220; use_custom_width=&#8220;off&#8220; width_unit=&#8220;off&#8220; custom_width_px=&#8220;1080px&#8220; custom_width_percent=&#8220;80%&#8220; make_equal=&#8220;off&#8220; use_custom_gutter=&#8220;off&#8220; fullwidth=&#8220;off&#8220; specialty=&#8220;off&#8220; admin_label=&#8220;section&#8220; disabled=&#8220;off&#8220;][et_pb_row make_fullwidth=&#8220;off&#8220; use_custom_width=&#8220;off&#8220; width_unit=&#8220;off&#8220; custom_width_px=&#8220;1080px&#8220; custom_width_percent=&#8220;80%&#8220; use_custom_gutter=&#8220;off&#8220; gutter_width=&#8220;3&#8243; padding_mobile=&#8220;off&#8220; allow_player_pause=&#8220;off&#8220; parallax=&#8220;off&#8220; parallax_method=&#8220;on&#8220; make_equal=&#8220;off&#8220; column_padding_mobile=&#8220;on&#8220; parallax_1=&#8220;off&#8220; parallax_method_1=&#8220;on&#8220; parallax_2=&#8220;off&#8220; parallax_method_2=&#8220;on&#8220; parallax_3=&#8220;off&#8220; parallax_method_3=&#8220;on&#8220; parallax_4=&#8220;off&#8220; parallax_method_4=&#8220;on&#8220; admin_label=&#8220;row&#8220; disabled=&#8220;off&#8220;][et_pb_column type=&#8220;2_3&#8243; disabled=&#8220;off&#8220; parallax=&#8220;off&#8220; parallax_method=&#8220;on&#8220; column_padding_mobile=&#8220;on&#8220;][et_pb_text background_layout=&#8220;light&#8220; text_orientation=&#8220;left&#8220; admin_label=&#8220;Text&#8220; use_border_color=&#8220;off&#8220; border_style=&#8220;solid&#8220; disabled=&#8220;off&#8220;]<\/p>\n<h2 style=\"background-color: #ffffff; font-size: 22px;\"><span mce-data-marked=\"1\" style=\"font-size: 22px; color: #2f508f;\">Portfolio \u201eSicherheit &#038; Ertrag\u201c<\/span><\/h2>\n<p style=\"background-color: #ffffff; font-size: 14px;\"><strong style=\"font-size: 14px;\"><br \/><\/strong>Im Portfolio \u201eSicherheit &#038; Ertrag\u201c wird Ihr Geld wird von professionellen Verm\u00f6gensverwaltern angelegt. Wir w\u00e4hlen die erfolgreichsten verm\u00f6gensverwaltenden Investmentfonds aus und stellen sie in einem ausgewogenen Verh\u00e4ltnis unter Risiko und Ertragsgesichtspunkten zusammen.<\/p>\n<p style=\"background-color: #ffffff;\"><strong>Dem Kunden wird in seinem Online-Postfach der Depotbank viertelj\u00e4hrlich ein Depotreport bereitgestellt, aus dem folgende Informationen hervorgehen:<\/strong><\/p>\n<ul>\n<li style=\"background-color: #ffffff;\">Aktuelle Portfolio-Struktur<\/li>\n<li style=\"background-color: #ffffff;\">Depot\u00fcbersicht<\/li>\n<li style=\"background-color: #ffffff;\">Depotentwicklung<\/li>\n<li style=\"background-color: #ffffff;\">Depotperformance<\/li>\n<li style=\"background-color: #ffffff;\">Depotperformance (historische Jahreswerte)<\/li>\n<li style=\"background-color: #ffffff;\">Kosten<\/li>\n<li style=\"background-color: #ffffff;\">Steuerliche Informationen<\/li>\n<li style=\"background-color: #ffffff;\">Spar- und Entnahmepl\u00e4ne<\/li>\n<\/ul>\n<p style=\"background-color: #ffffff;\"><strong>Die Ertr\u00e4ge werden im Depot gutgeschrieben und erh\u00f6hen somit regelm\u00e4\u00dfig das Guthaben.\u00a0<\/strong><\/p>\n<\/p>\n<p>[\/et_pb_text][et_pb_image src=&#8220;https:\/\/www.wertraum.com\/schmidt\/wp-content\/uploads\/2017\/11\/portfolio_vorschau.jpg&#8220; show_in_lightbox=&#8220;off&#8220; url_new_window=&#8220;off&#8220; use_overlay=&#8220;off&#8220; sticky=&#8220;off&#8220; align=&#8220;left&#8220; force_fullwidth=&#8220;off&#8220; always_center_on_mobile=&#8220;on&#8220; use_border_color=&#8220;off&#8220; border_color=&#8220;#ffffff&#8220; border_width=&#8220;1px&#8220; border_style=&#8220;solid&#8220; disabled=&#8220;off&#8220;][\/et_pb_image][et_pb_text background_layout=&#8220;light&#8220; text_orientation=&#8220;left&#8220; use_border_color=&#8220;off&#8220; border_style=&#8220;solid&#8220; disabled=&#8220;off&#8220;]<\/p>\n<p><a href=\"..\/wp-content\/uploads\/2017\/08\/Portfolio-Sicherheit-Ertrag_Stand-01.01.2017.pdf\" rel=\"attachment wp-att-561\" target=\"_blank\"><\/a><a class=\"download-link\" title=\"\" href=\"..\/download\/868\/\" rel=\"nofollow\" style=\"background-color: #ffffff; font-size: 14px;\">Portfolio &#8222;Sicherheit &amp; Ertrag&#8220; herunterladen<\/a><\/p>\n<p>[\/et_pb_text][\/et_pb_column][et_pb_column type=&#8220;1_3&#8243; disabled=&#8220;off&#8220; parallax=&#8220;off&#8220; parallax_method=&#8220;on&#8220; column_padding_mobile=&#8220;on&#8220;][et_pb_text background_layout=&#8220;light&#8220; text_orientation=&#8220;left&#8220; use_border_color=&#8220;off&#8220; border_style=&#8220;solid&#8220; disabled=&#8220;off&#8220; global_module=&#8220;258&#8243; saved_tabs=&#8220;all&#8220;]<\/p>\n<h2>Ihr Berater vor Ort<\/h2>\n<p>[\/et_pb_text][et_pb_image src=&#8220;https:\/\/www.wertraum.com\/schmidt\/wp-content\/uploads\/2017\/11\/berater_rs.jpg&#8220; show_in_lightbox=&#8220;off&#8220; url_new_window=&#8220;off&#8220; use_overlay=&#8220;off&#8220; animation=&#8220;off&#8220; sticky=&#8220;off&#8220; align=&#8220;left&#8220; force_fullwidth=&#8220;off&#8220; always_center_on_mobile=&#8220;on&#8220; use_border_color=&#8220;off&#8220; border_color=&#8220;#ffffff&#8220; border_width=&#8220;1px&#8220; border_style=&#8220;solid&#8220; disabled=&#8220;off&#8220; global_module=&#8220;260&#8243; saved_tabs=&#8220;all&#8220;][\/et_pb_image][et_pb_text background_layout=&#8220;light&#8220; text_orientation=&#8220;left&#8220; admin_label=&#8220;Text&#8220; use_border_color=&#8220;off&#8220; border_color=&#8220;#ffffff&#8220; border_style=&#8220;solid&#8220; custom_margin=&#8220;-10px||0px|&#8220; disabled=&#8220;off&#8220; global_module=&#8220;261&#8243; saved_tabs=&#8220;all&#8220;]<\/p>\n<h3><\/h3>\n<p><strong>Ralf Schmidt<\/strong><b><br \/><\/b><em>Finanz- und Versicherungsmakler<\/em><\/p>\n<p>Langgasse 81<br \/>67454 Ha\u00dfloch<\/p>\n<p><strong>Telefon:\u00a0<\/strong>0 63 24 \/ 92 12 &#8211; 0<br \/><strong>Fax:<\/strong>\u00a00 63 24 \/ 92 12 &#8211; 40<br \/><strong>E-Mail:<\/strong>\u00a0<a href=\"mailto:r.schmidt@wertraum.com\">r.schmidt@wertraum.com<\/a><\/p>\n<p>\u00a0<\/p>\n<p>Ich berate Sie gerne:<\/p>\n<p>\u00a0<\/p>\n<p>[\/et_pb_text][et_pb_button button_url=&#8220;\/schmidt\/kontakt&#8220; url_new_window=&#8220;on&#8220; button_text=&#8220;Jetzt Termin vereinbaren&#8220; button_alignment=&#8220;left&#8220; background_layout=&#8220;dark&#8220; custom_button=&#8220;off&#8220; button_text_size=&#8220;20&#8243; button_use_icon=&#8220;on&#8220; button_icon_placement=&#8220;right&#8220; button_on_hover=&#8220;on&#8220; button_letter_spacing_hover=&#8220;0&#8243; disabled=&#8220;off&#8220; global_module=&#8220;262&#8243; saved_tabs=&#8220;all&#8220;][\/et_pb_button][\/et_pb_column][\/et_pb_row][\/et_pb_section][et_pb_section transparent_background=&#8220;off&#8220; background_color=&#8220;#f2f2f2&#8243; allow_player_pause=&#8220;off&#8220; inner_shadow=&#8220;off&#8220; parallax=&#8220;off&#8220; parallax_method=&#8220;on&#8220; custom_padding=&#8220;0px|0px|0px|0px&#8220; padding_mobile=&#8220;off&#8220; make_fullwidth=&#8220;off&#8220; use_custom_width=&#8220;off&#8220; width_unit=&#8220;off&#8220; custom_width_px=&#8220;1080px&#8220; custom_width_percent=&#8220;80%&#8220; make_equal=&#8220;off&#8220; use_custom_gutter=&#8220;off&#8220; fullwidth=&#8220;off&#8220; specialty=&#8220;off&#8220; admin_label=&#8220;section&#8220; disabled=&#8220;off&#8220; global_module=&#8220;210&#8243;][et_pb_row make_fullwidth=&#8220;off&#8220; use_custom_width=&#8220;off&#8220; width_unit=&#8220;off&#8220; custom_width_px=&#8220;1080px&#8220; custom_width_percent=&#8220;80%&#8220; use_custom_gutter=&#8220;off&#8220; gutter_width=&#8220;3&#8243; custom_padding=&#8220;30px|0px|30px|0px&#8220; padding_mobile=&#8220;off&#8220; allow_player_pause=&#8220;off&#8220; parallax=&#8220;off&#8220; parallax_method=&#8220;on&#8220; make_equal=&#8220;off&#8220; column_padding_mobile=&#8220;on&#8220; parallax_1=&#8220;off&#8220; parallax_method_1=&#8220;on&#8220; parallax_2=&#8220;off&#8220; parallax_method_2=&#8220;on&#8220; parallax_3=&#8220;off&#8220; parallax_method_3=&#8220;on&#8220; parallax_4=&#8220;off&#8220; parallax_method_4=&#8220;on&#8220; disabled=&#8220;off&#8220;][et_pb_column type=&#8220;1_2&#8243; disabled=&#8220;off&#8220; parallax=&#8220;off&#8220; parallax_method=&#8220;on&#8220; column_padding_mobile=&#8220;on&#8220;][et_pb_text background_layout=&#8220;light&#8220; text_orientation=&#8220;left&#8220; use_border_color=&#8220;off&#8220; border_style=&#8220;solid&#8220; disabled=&#8220;off&#8220;]<\/p>\n<p><span>\u00a9 Ralf Schmidt <\/span><span>wertraum GmbH | Design von <a href=\"https:\/\/alena-schmidt.de\" target=\"_blank\" rel=\"noopener\">Alena Schmidt<\/a><\/span><\/p>\n<p>[\/et_pb_text][\/et_pb_column][et_pb_column type=&#8220;1_2&#8243; disabled=&#8220;off&#8220; parallax=&#8220;off&#8220; parallax_method=&#8220;on&#8220; column_padding_mobile=&#8220;on&#8220;][et_pb_text background_layout=&#8220;light&#8220; text_orientation=&#8220;left&#8220; use_border_color=&#8220;off&#8220; border_style=&#8220;solid&#8220; disabled=&#8220;off&#8220;]<\/p>\n<p style=\"text-align: right;\"><a href=\"..\/datenschutz\/\"><strong style=\"background-color: #f2f2f2; font-size: 14px; text-align: right;\">Datenschutzerkl\u00e4rung\u00a0<\/strong><\/a><span style=\"font-size: 14px; text-align: right; background-color: #f2f2f2;\">|\u00a0<\/span><a href=\"https:\/\/www.wertraum.com\/schmidt\/impressum\/\" style=\"background-color: #f2f2f2; font-size: 14px; text-align: right;\"><strong style=\"font-size: 14px;\">Impressum<\/strong><\/a><\/p>\n<p>[\/et_pb_text][\/et_pb_column][\/et_pb_row][\/et_pb_section]<\/p>\n","protected":false},"excerpt":{"rendered":"<p>[et_pb_section background_image=&#8220;https:\/\/www.wertraum.com\/schmidt\/wp-content\/uploads\/2017\/11\/iStock-546200366_h.jpg&#8220; transparent_background=&#8220;off&#8220; allow_player_pause=&#8220;off&#8220; inner_shadow=&#8220;off&#8220; parallax=&#8220;off&#8220; parallax_method=&#8220;on&#8220; custom_padding=&#8220;54px|0px|312px|0px&#8220; padding_mobile=&#8220;off&#8220; make_fullwidth=&#8220;off&#8220; use_custom_width=&#8220;off&#8220; width_unit=&#8220;off&#8220; custom_width_px=&#8220;1080px&#8220; custom_width_percent=&#8220;80%&#8220; make_equal=&#8220;off&#8220; use_custom_gutter=&#8220;off&#8220; fullwidth=&#8220;off&#8220; specialty=&#8220;off&#8220; admin_label=&#8220;section&#8220; disabled=&#8220;off&#8220;][et_pb_row make_fullwidth=&#8220;off&#8220; use_custom_width=&#8220;off&#8220; width_unit=&#8220;off&#8220; custom_width_px=&#8220;1080px&#8220; custom_width_percent=&#8220;80%&#8220; use_custom_gutter=&#8220;off&#8220; gutter_width=&#8220;3&#8243; padding_mobile=&#8220;off&#8220; allow_player_pause=&#8220;off&#8220; parallax=&#8220;off&#8220; parallax_method=&#8220;on&#8220; make_equal=&#8220;off&#8220; column_padding_mobile=&#8220;on&#8220; parallax_1=&#8220;off&#8220; parallax_method_1=&#8220;on&#8220; parallax_2=&#8220;off&#8220; parallax_method_2=&#8220;on&#8220; parallax_3=&#8220;off&#8220; parallax_method_3=&#8220;on&#8220; parallax_4=&#8220;off&#8220; parallax_method_4=&#8220;on&#8220; admin_label=&#8220;row&#8220; disabled=&#8220;off&#8220;][et_pb_column type=&#8220;4_4&#8243; disabled=&#8220;off&#8220; parallax=&#8220;off&#8220; parallax_method=&#8220;on&#8220; column_padding_mobile=&#8220;on&#8220;][et_pb_image show_in_lightbox=&#8220;off&#8220; url_new_window=&#8220;off&#8220; use_overlay=&#8220;off&#8220; sticky=&#8220;off&#8220; align=&#8220;left&#8220; force_fullwidth=&#8220;off&#8220; always_center_on_mobile=&#8220;on&#8220; [&hellip;]<\/p>\n","protected":false},"author":2,"featured_media":0,"parent":0,"menu_order":0,"comment_status":"closed","ping_status":"closed","template":"","meta":{"_mi_skip_tracking":false},"yoast_head":"<!-- This site is optimized with the Yoast SEO plugin v19.1 - https:\/\/yoast.com\/wordpress\/plugins\/seo\/ -->\n<title>Portfolio &quot;Sicherung &amp; Ertrag&quot; &bull; Unabh\u00e4ngige Finanz- und Versicherungsberatung | Ralf Schmidt wertraum GmbH<\/title>\n<meta name=\"robots\" content=\"index, follow, max-snippet:-1, max-image-preview:large, max-video-preview:-1\" \/>\n<link rel=\"canonical\" href=\"https:\/\/www.wertraum.com\/schmidt\/portfolio-sicherung-ertrag\/\" \/>\n<meta property=\"og:locale\" content=\"de_DE\" \/>\n<meta property=\"og:type\" content=\"article\" \/>\n<meta property=\"og:title\" content=\"Portfolio &quot;Sicherung &amp; Ertrag&quot; &bull; Unabh\u00e4ngige Finanz- und Versicherungsberatung | Ralf Schmidt wertraum GmbH\" \/>\n<meta property=\"og:description\" content=\"[et_pb_section background_image=&#8220;https:\/\/www.wertraum.com\/schmidt\/wp-content\/uploads\/2017\/11\/iStock-546200366_h.jpg&#8220; transparent_background=&#8220;off&#8220; allow_player_pause=&#8220;off&#8220; inner_shadow=&#8220;off&#8220; parallax=&#8220;off&#8220; parallax_method=&#8220;on&#8220; custom_padding=&#8220;54px|0px|312px|0px&#8220; padding_mobile=&#8220;off&#8220; make_fullwidth=&#8220;off&#8220; use_custom_width=&#8220;off&#8220; width_unit=&#8220;off&#8220; custom_width_px=&#8220;1080px&#8220; custom_width_percent=&#8220;80%&#8220; make_equal=&#8220;off&#8220; use_custom_gutter=&#8220;off&#8220; fullwidth=&#8220;off&#8220; specialty=&#8220;off&#8220; admin_label=&#8220;section&#8220; disabled=&#8220;off&#8220;][et_pb_row make_fullwidth=&#8220;off&#8220; use_custom_width=&#8220;off&#8220; width_unit=&#8220;off&#8220; custom_width_px=&#8220;1080px&#8220; custom_width_percent=&#8220;80%&#8220; use_custom_gutter=&#8220;off&#8220; gutter_width=&#8220;3&#8243; padding_mobile=&#8220;off&#8220; allow_player_pause=&#8220;off&#8220; parallax=&#8220;off&#8220; parallax_method=&#8220;on&#8220; make_equal=&#8220;off&#8220; column_padding_mobile=&#8220;on&#8220; parallax_1=&#8220;off&#8220; parallax_method_1=&#8220;on&#8220; parallax_2=&#8220;off&#8220; parallax_method_2=&#8220;on&#8220; parallax_3=&#8220;off&#8220; parallax_method_3=&#8220;on&#8220; parallax_4=&#8220;off&#8220; parallax_method_4=&#8220;on&#8220; admin_label=&#8220;row&#8220; disabled=&#8220;off&#8220;][et_pb_column type=&#8220;4_4&#8243; disabled=&#8220;off&#8220; parallax=&#8220;off&#8220; parallax_method=&#8220;on&#8220; column_padding_mobile=&#8220;on&#8220;][et_pb_image show_in_lightbox=&#8220;off&#8220; url_new_window=&#8220;off&#8220; use_overlay=&#8220;off&#8220; sticky=&#8220;off&#8220; align=&#8220;left&#8220; force_fullwidth=&#8220;off&#8220; always_center_on_mobile=&#8220;on&#8220; [&hellip;]\" \/>\n<meta property=\"og:url\" content=\"https:\/\/www.wertraum.com\/schmidt\/portfolio-sicherung-ertrag\/\" \/>\n<meta property=\"og:site_name\" content=\"Unabh\u00e4ngige Finanz- und Versicherungsberatung | Ralf Schmidt wertraum GmbH\" \/>\n<meta property=\"article:modified_time\" content=\"2017-11-21T22:57:54+00:00\" \/>\n<meta name=\"twitter:card\" content=\"summary_large_image\" \/>\n<meta name=\"twitter:label1\" content=\"Gesch\u00e4tzte Lesezeit\" \/>\n\t<meta name=\"twitter:data1\" content=\"5\u00a0Minuten\" \/>\n<script type=\"application\/ld+json\" class=\"yoast-schema-graph\">{\"@context\":\"https:\/\/schema.org\",\"@graph\":[{\"@type\":\"Organization\",\"@id\":\"https:\/\/www.wertraum.com\/schmidt\/#organization\",\"name\":\"Ralf Schmidt wertraum GmbH\",\"url\":\"https:\/\/www.wertraum.com\/schmidt\/\",\"sameAs\":[],\"logo\":{\"@type\":\"ImageObject\",\"inLanguage\":\"de\",\"@id\":\"https:\/\/www.wertraum.com\/schmidt\/#\/schema\/logo\/image\/\",\"url\":\"https:\/\/www.wertraum.com\/schmidt\/wp-content\/uploads\/2016\/11\/logo.png\",\"contentUrl\":\"https:\/\/www.wertraum.com\/schmidt\/wp-content\/uploads\/2016\/11\/logo.png\",\"width\":250,\"height\":76,\"caption\":\"Ralf Schmidt wertraum GmbH\"},\"image\":{\"@id\":\"https:\/\/www.wertraum.com\/schmidt\/#\/schema\/logo\/image\/\"}},{\"@type\":\"WebSite\",\"@id\":\"https:\/\/www.wertraum.com\/schmidt\/#website\",\"url\":\"https:\/\/www.wertraum.com\/schmidt\/\",\"name\":\"Unabh\u00e4ngige Finanz- und Versicherungsberatung | Ralf Schmidt wertraum GmbH\",\"description\":\"Als Finanz- und Versicherungsmakler handeln wir ungebunden. Wir beraten frei von \u00fcbergeordneten Konzerninteressen und unterhalten keine finanziellen Verflechtungen zu Banken, Versicherungen oder Investmenth\u00e4usern. Auf dieser Basis erarbeiten wir Finanzl\u00f6sungen, die sich ausschlie\u00dflich an Ihrem Bedarf orientieren. So stehen Sie mit Ihren Zielen und W\u00fcnschen im Mittelpunkt.\",\"publisher\":{\"@id\":\"https:\/\/www.wertraum.com\/schmidt\/#organization\"},\"potentialAction\":[{\"@type\":\"SearchAction\",\"target\":{\"@type\":\"EntryPoint\",\"urlTemplate\":\"https:\/\/www.wertraum.com\/schmidt\/?s={search_term_string}\"},\"query-input\":\"required name=search_term_string\"}],\"inLanguage\":\"de\"},{\"@type\":\"WebPage\",\"@id\":\"https:\/\/www.wertraum.com\/schmidt\/portfolio-sicherung-ertrag\/#webpage\",\"url\":\"https:\/\/www.wertraum.com\/schmidt\/portfolio-sicherung-ertrag\/\",\"name\":\"Portfolio \\\"Sicherung & Ertrag\\\" &bull; Unabh\u00e4ngige Finanz- und Versicherungsberatung | Ralf Schmidt wertraum GmbH\",\"isPartOf\":{\"@id\":\"https:\/\/www.wertraum.com\/schmidt\/#website\"},\"datePublished\":\"2017-07-31T19:42:27+00:00\",\"dateModified\":\"2017-11-21T22:57:54+00:00\",\"breadcrumb\":{\"@id\":\"https:\/\/www.wertraum.com\/schmidt\/portfolio-sicherung-ertrag\/#breadcrumb\"},\"inLanguage\":\"de\",\"potentialAction\":[{\"@type\":\"ReadAction\",\"target\":[\"https:\/\/www.wertraum.com\/schmidt\/portfolio-sicherung-ertrag\/\"]}]},{\"@type\":\"BreadcrumbList\",\"@id\":\"https:\/\/www.wertraum.com\/schmidt\/portfolio-sicherung-ertrag\/#breadcrumb\",\"itemListElement\":[{\"@type\":\"ListItem\",\"position\":1,\"name\":\"Startseite\",\"item\":\"https:\/\/www.wertraum.com\/schmidt\/\"},{\"@type\":\"ListItem\",\"position\":2,\"name\":\"Portfolio &#8222;Sicherung &#038; Ertrag&#8220;\"}]}]}<\/script>\n<!-- \/ Yoast SEO plugin. -->","yoast_head_json":{"title":"Portfolio \"Sicherung & Ertrag\" &bull; Unabh\u00e4ngige Finanz- und Versicherungsberatung | Ralf Schmidt wertraum GmbH","robots":{"index":"index","follow":"follow","max-snippet":"max-snippet:-1","max-image-preview":"max-image-preview:large","max-video-preview":"max-video-preview:-1"},"canonical":"https:\/\/www.wertraum.com\/schmidt\/portfolio-sicherung-ertrag\/","og_locale":"de_DE","og_type":"article","og_title":"Portfolio \"Sicherung & Ertrag\" &bull; Unabh\u00e4ngige Finanz- und Versicherungsberatung | Ralf Schmidt wertraum GmbH","og_description":"[et_pb_section background_image=&#8220;https:\/\/www.wertraum.com\/schmidt\/wp-content\/uploads\/2017\/11\/iStock-546200366_h.jpg&#8220; transparent_background=&#8220;off&#8220; allow_player_pause=&#8220;off&#8220; inner_shadow=&#8220;off&#8220; parallax=&#8220;off&#8220; parallax_method=&#8220;on&#8220; custom_padding=&#8220;54px|0px|312px|0px&#8220; padding_mobile=&#8220;off&#8220; make_fullwidth=&#8220;off&#8220; use_custom_width=&#8220;off&#8220; width_unit=&#8220;off&#8220; custom_width_px=&#8220;1080px&#8220; custom_width_percent=&#8220;80%&#8220; make_equal=&#8220;off&#8220; use_custom_gutter=&#8220;off&#8220; fullwidth=&#8220;off&#8220; specialty=&#8220;off&#8220; admin_label=&#8220;section&#8220; disabled=&#8220;off&#8220;][et_pb_row make_fullwidth=&#8220;off&#8220; use_custom_width=&#8220;off&#8220; width_unit=&#8220;off&#8220; custom_width_px=&#8220;1080px&#8220; custom_width_percent=&#8220;80%&#8220; use_custom_gutter=&#8220;off&#8220; gutter_width=&#8220;3&#8243; padding_mobile=&#8220;off&#8220; allow_player_pause=&#8220;off&#8220; parallax=&#8220;off&#8220; parallax_method=&#8220;on&#8220; make_equal=&#8220;off&#8220; column_padding_mobile=&#8220;on&#8220; parallax_1=&#8220;off&#8220; parallax_method_1=&#8220;on&#8220; parallax_2=&#8220;off&#8220; parallax_method_2=&#8220;on&#8220; parallax_3=&#8220;off&#8220; parallax_method_3=&#8220;on&#8220; parallax_4=&#8220;off&#8220; parallax_method_4=&#8220;on&#8220; admin_label=&#8220;row&#8220; disabled=&#8220;off&#8220;][et_pb_column type=&#8220;4_4&#8243; disabled=&#8220;off&#8220; parallax=&#8220;off&#8220; parallax_method=&#8220;on&#8220; column_padding_mobile=&#8220;on&#8220;][et_pb_image show_in_lightbox=&#8220;off&#8220; url_new_window=&#8220;off&#8220; use_overlay=&#8220;off&#8220; sticky=&#8220;off&#8220; align=&#8220;left&#8220; force_fullwidth=&#8220;off&#8220; always_center_on_mobile=&#8220;on&#8220; [&hellip;]","og_url":"https:\/\/www.wertraum.com\/schmidt\/portfolio-sicherung-ertrag\/","og_site_name":"Unabh\u00e4ngige Finanz- und Versicherungsberatung | Ralf Schmidt wertraum GmbH","article_modified_time":"2017-11-21T22:57:54+00:00","twitter_card":"summary_large_image","twitter_misc":{"Gesch\u00e4tzte Lesezeit":"5\u00a0Minuten"},"schema":{"@context":"https:\/\/schema.org","@graph":[{"@type":"Organization","@id":"https:\/\/www.wertraum.com\/schmidt\/#organization","name":"Ralf Schmidt wertraum GmbH","url":"https:\/\/www.wertraum.com\/schmidt\/","sameAs":[],"logo":{"@type":"ImageObject","inLanguage":"de","@id":"https:\/\/www.wertraum.com\/schmidt\/#\/schema\/logo\/image\/","url":"https:\/\/www.wertraum.com\/schmidt\/wp-content\/uploads\/2016\/11\/logo.png","contentUrl":"https:\/\/www.wertraum.com\/schmidt\/wp-content\/uploads\/2016\/11\/logo.png","width":250,"height":76,"caption":"Ralf Schmidt wertraum GmbH"},"image":{"@id":"https:\/\/www.wertraum.com\/schmidt\/#\/schema\/logo\/image\/"}},{"@type":"WebSite","@id":"https:\/\/www.wertraum.com\/schmidt\/#website","url":"https:\/\/www.wertraum.com\/schmidt\/","name":"Unabh\u00e4ngige Finanz- und Versicherungsberatung | Ralf Schmidt wertraum GmbH","description":"Als Finanz- und Versicherungsmakler handeln wir ungebunden. Wir beraten frei von \u00fcbergeordneten Konzerninteressen und unterhalten keine finanziellen Verflechtungen zu Banken, Versicherungen oder Investmenth\u00e4usern. Auf dieser Basis erarbeiten wir Finanzl\u00f6sungen, die sich ausschlie\u00dflich an Ihrem Bedarf orientieren. So stehen Sie mit Ihren Zielen und W\u00fcnschen im Mittelpunkt.","publisher":{"@id":"https:\/\/www.wertraum.com\/schmidt\/#organization"},"potentialAction":[{"@type":"SearchAction","target":{"@type":"EntryPoint","urlTemplate":"https:\/\/www.wertraum.com\/schmidt\/?s={search_term_string}"},"query-input":"required name=search_term_string"}],"inLanguage":"de"},{"@type":"WebPage","@id":"https:\/\/www.wertraum.com\/schmidt\/portfolio-sicherung-ertrag\/#webpage","url":"https:\/\/www.wertraum.com\/schmidt\/portfolio-sicherung-ertrag\/","name":"Portfolio \"Sicherung & Ertrag\" &bull; Unabh\u00e4ngige Finanz- und Versicherungsberatung | Ralf Schmidt wertraum GmbH","isPartOf":{"@id":"https:\/\/www.wertraum.com\/schmidt\/#website"},"datePublished":"2017-07-31T19:42:27+00:00","dateModified":"2017-11-21T22:57:54+00:00","breadcrumb":{"@id":"https:\/\/www.wertraum.com\/schmidt\/portfolio-sicherung-ertrag\/#breadcrumb"},"inLanguage":"de","potentialAction":[{"@type":"ReadAction","target":["https:\/\/www.wertraum.com\/schmidt\/portfolio-sicherung-ertrag\/"]}]},{"@type":"BreadcrumbList","@id":"https:\/\/www.wertraum.com\/schmidt\/portfolio-sicherung-ertrag\/#breadcrumb","itemListElement":[{"@type":"ListItem","position":1,"name":"Startseite","item":"https:\/\/www.wertraum.com\/schmidt\/"},{"@type":"ListItem","position":2,"name":"Portfolio &#8222;Sicherung &#038; Ertrag&#8220;"}]}]}},"_links":{"self":[{"href":"https:\/\/www.wertraum.com\/schmidt\/wp-json\/wp\/v2\/pages\/121"}],"collection":[{"href":"https:\/\/www.wertraum.com\/schmidt\/wp-json\/wp\/v2\/pages"}],"about":[{"href":"https:\/\/www.wertraum.com\/schmidt\/wp-json\/wp\/v2\/types\/page"}],"author":[{"embeddable":true,"href":"https:\/\/www.wertraum.com\/schmidt\/wp-json\/wp\/v2\/users\/2"}],"replies":[{"embeddable":true,"href":"https:\/\/www.wertraum.com\/schmidt\/wp-json\/wp\/v2\/comments?post=121"}],"version-history":[{"count":18,"href":"https:\/\/www.wertraum.com\/schmidt\/wp-json\/wp\/v2\/pages\/121\/revisions"}],"predecessor-version":[{"id":874,"href":"https:\/\/www.wertraum.com\/schmidt\/wp-json\/wp\/v2\/pages\/121\/revisions\/874"}],"wp:attachment":[{"href":"https:\/\/www.wertraum.com\/schmidt\/wp-json\/wp\/v2\/media?parent=121"}],"curies":[{"name":"wp","href":"https:\/\/api.w.org\/{rel}","templated":true}]}}