{"id":115,"date":"2017-07-31T19:41:38","date_gmt":"2017-07-31T19:41:38","guid":{"rendered":"https:\/\/www.wertraum.com\/schmidt\/?page_id=115"},"modified":"2019-03-25T19:59:19","modified_gmt":"2019-03-25T19:59:19","slug":"ruhestandsplanung","status":"publish","type":"page","link":"https:\/\/www.wertraum.com\/schmidt\/absicherung\/ruhestandsplanung\/","title":{"rendered":"Ruhestandsplanung"},"content":{"rendered":"<p>[et_pb_section background_image=&#8220;https:\/\/www.wertraum.com\/schmidt\/wp-content\/uploads\/2017\/11\/iStock-603873140_h.jpg&#8220; transparent_background=&#8220;off&#8220; allow_player_pause=&#8220;off&#8220; inner_shadow=&#8220;off&#8220; parallax=&#8220;off&#8220; parallax_method=&#8220;on&#8220; custom_padding=&#8220;54px|0px|312px|0px&#8220; padding_mobile=&#8220;off&#8220; make_fullwidth=&#8220;off&#8220; use_custom_width=&#8220;off&#8220; width_unit=&#8220;off&#8220; custom_width_px=&#8220;1080px&#8220; custom_width_percent=&#8220;80%&#8220; make_equal=&#8220;off&#8220; use_custom_gutter=&#8220;off&#8220; fullwidth=&#8220;off&#8220; specialty=&#8220;off&#8220; admin_label=&#8220;section&#8220; disabled=&#8220;off&#8220;][et_pb_row make_fullwidth=&#8220;off&#8220; use_custom_width=&#8220;off&#8220; width_unit=&#8220;off&#8220; custom_width_px=&#8220;1080px&#8220; custom_width_percent=&#8220;80%&#8220; use_custom_gutter=&#8220;off&#8220; gutter_width=&#8220;3&#8243; padding_mobile=&#8220;off&#8220; allow_player_pause=&#8220;off&#8220; parallax=&#8220;off&#8220; parallax_method=&#8220;on&#8220; make_equal=&#8220;off&#8220; column_padding_mobile=&#8220;on&#8220; parallax_1=&#8220;off&#8220; parallax_method_1=&#8220;on&#8220; parallax_2=&#8220;off&#8220; parallax_method_2=&#8220;on&#8220; parallax_3=&#8220;off&#8220; parallax_method_3=&#8220;on&#8220; parallax_4=&#8220;off&#8220; parallax_method_4=&#8220;on&#8220; admin_label=&#8220;row&#8220; disabled=&#8220;off&#8220;][et_pb_column type=&#8220;4_4&#8243; disabled=&#8220;off&#8220; parallax=&#8220;off&#8220; parallax_method=&#8220;on&#8220; column_padding_mobile=&#8220;on&#8220;][et_pb_image show_in_lightbox=&#8220;off&#8220; url_new_window=&#8220;off&#8220; use_overlay=&#8220;off&#8220; sticky=&#8220;off&#8220; align=&#8220;left&#8220; force_fullwidth=&#8220;off&#8220; always_center_on_mobile=&#8220;on&#8220; admin_label=&#8220;Bild&#8220; use_border_color=&#8220;off&#8220; border_color=&#8220;#ffffff&#8220; border_width=&#8220;1px&#8220; border_style=&#8220;solid&#8220; disabled=&#8220;off&#8220;] [\/et_pb_image][\/et_pb_column][\/et_pb_row][\/et_pb_section][et_pb_section transparent_background=&#8220;off&#8220; allow_player_pause=&#8220;off&#8220; inner_shadow=&#8220;off&#8220; parallax=&#8220;off&#8220; parallax_method=&#8220;on&#8220; padding_mobile=&#8220;off&#8220; make_fullwidth=&#8220;off&#8220; use_custom_width=&#8220;off&#8220; width_unit=&#8220;off&#8220; custom_width_px=&#8220;1080px&#8220; custom_width_percent=&#8220;80%&#8220; make_equal=&#8220;off&#8220; use_custom_gutter=&#8220;off&#8220; fullwidth=&#8220;off&#8220; specialty=&#8220;off&#8220; admin_label=&#8220;section&#8220; disabled=&#8220;off&#8220;][et_pb_row make_fullwidth=&#8220;off&#8220; use_custom_width=&#8220;off&#8220; width_unit=&#8220;off&#8220; custom_width_px=&#8220;1080px&#8220; custom_width_percent=&#8220;80%&#8220; use_custom_gutter=&#8220;off&#8220; gutter_width=&#8220;3&#8243; padding_mobile=&#8220;off&#8220; allow_player_pause=&#8220;off&#8220; parallax=&#8220;off&#8220; parallax_method=&#8220;on&#8220; make_equal=&#8220;off&#8220; column_padding_mobile=&#8220;on&#8220; parallax_1=&#8220;off&#8220; parallax_method_1=&#8220;on&#8220; parallax_2=&#8220;off&#8220; parallax_method_2=&#8220;on&#8220; parallax_3=&#8220;off&#8220; parallax_method_3=&#8220;on&#8220; parallax_4=&#8220;off&#8220; parallax_method_4=&#8220;on&#8220; admin_label=&#8220;row&#8220; disabled=&#8220;off&#8220;][et_pb_column type=&#8220;2_3&#8243; disabled=&#8220;off&#8220; parallax=&#8220;off&#8220; parallax_method=&#8220;on&#8220; column_padding_mobile=&#8220;on&#8220;][et_pb_text background_layout=&#8220;light&#8220; text_orientation=&#8220;left&#8220; use_border_color=&#8220;off&#8220; border_style=&#8220;solid&#8220; disabled=&#8220;off&#8220;]<\/p>\n<h2 style=\"background-color: #ffffff; font-size: 22px;\"><span mce-data-marked=\"1\" style=\"font-size: 22px; color: #2f508f;\">Ruhestandsplanung<\/span><\/h2>\n<p style=\"background-color: #ffffff;\"><strong><br \/>Kennen Sie Jeanne Louise Calment?<br \/><\/strong><\/p>\n<p style=\"background-color: #ffffff;\">Als Jeanne Louise Calment am 21.02.1875 im franz\u00f6sischen Arles auf die Welt kam, regierte in Deutschland Otto von Bismarck. Als sie am 04.08.1997 starb, war Helmut Kohl bereits 15 Jahre lang Bundeskanzler. Dazwischen lag eine Lebenszeit von 122 Jahren.<\/p>\n<p style=\"background-color: #ffffff;\">Madame Calment lernte Vincent van Gogh pers\u00f6nlich kennen, erinnerte sich an den Bau des Eiffelturms und \u00fcberlebte Mann, Tochter und Enkel. Zwei Jahre nach dem Tod ihres Enkels verkaufte die damals 90-j\u00e4hrige ihre Wohnung gegen eine Leibrente an einen 47-j\u00e4hrigen Rechtsanwalt. Bis zu seinem Tod im Jahr 1995 hatte dieser rund 900.000 Francs an Jeanne Louise Calment gezahlt. Das entsprach\u00a0dem dreifachen Marktwert der Wohnung. Seine Witwe musste die Rentenzahlungen fortsetzen.<\/p>\n<\/p>\n<p>[\/et_pb_text][et_pb_image src=&#8220;https:\/\/www.wertraum.com\/schmidt\/wp-content\/uploads\/2017\/08\/moxuci_qali_b.jpg&#8220; show_in_lightbox=&#8220;off&#8220; url_new_window=&#8220;off&#8220; use_overlay=&#8220;off&#8220; animation=&#8220;off&#8220; sticky=&#8220;off&#8220; align=&#8220;left&#8220; force_fullwidth=&#8220;off&#8220; always_center_on_mobile=&#8220;on&#8220; use_border_color=&#8220;off&#8220; border_color=&#8220;#ffffff&#8220; border_width=&#8220;1px&#8220; border_style=&#8220;solid&#8220; custom_margin=&#8220;-5px||40px|&#8220; disabled=&#8220;off&#8220;][\/et_pb_image][et_pb_text background_layout=&#8220;light&#8220; text_orientation=&#8220;left&#8220; use_border_color=&#8220;off&#8220; border_style=&#8220;solid&#8220; disabled=&#8220;off&#8220;]<\/p>\n<p>Noch heute nimmt Madame Calment den ersten Platz auf der Liste der\u00a0\u00e4ltesten Menschen ein. Sie selbst f\u00fchrte ihr langes Leben \u00fcbrigens auf den\u00a0Genuss von Oliven\u00f6l, Knoblauch, Gem\u00fcse und Portwein zur\u00fcck. Ihre Geschichte\u00a0zaubert vielen Menschen ein L\u00e4cheln ins Gesicht.<\/p>\n<p>Zugleich zeigt sie, wie wichtig es ist, rechtzeitig die Weichen f\u00fcr den eigenen Ruhestand zu stellen. Jeanne Louise Calment hat im Alter von 90 Jahren noch den richtigen Zeitpunkt getroffen. Als sie ihre Wohnung verkaufte, lagen weitere 32 Jahre\u00a0Lebenszeit vor ihr. Wer aber nicht auf ein so langes Leben hoffen kann oder will, sollte seinen Ruhestand fr\u00fcher planen. Denn mit einer vorausschauenden Strategie kann vorhandenes Verm\u00f6gen ein Leben lang reichen.<\/p>\n<p><strong>Bei Ihrer Ruhestandsplanung unterst\u00fctzen wir Sie gern und ber\u00fccksichtigen Ihre ganz individuellen W\u00fcnsche und Bed\u00fcrfnisse. Unsere Vorschl\u00e4ge lassen gen\u00fcgend Spielraum, kleine und gro\u00dfe Tr\u00e4ume zu realisieren \u2013 ein Leben lang.<\/strong><\/p>\n<p>[\/et_pb_text][\/et_pb_column][et_pb_column type=&#8220;1_3&#8243; disabled=&#8220;off&#8220; parallax=&#8220;off&#8220; parallax_method=&#8220;on&#8220; column_padding_mobile=&#8220;on&#8220;][et_pb_text background_layout=&#8220;light&#8220; text_orientation=&#8220;left&#8220; use_border_color=&#8220;off&#8220; border_style=&#8220;solid&#8220; disabled=&#8220;off&#8220; global_module=&#8220;258&#8243; saved_tabs=&#8220;all&#8220;]<\/p>\n<h2>Ihr Berater vor Ort<\/h2>\n<p>[\/et_pb_text][et_pb_image src=&#8220;https:\/\/www.wertraum.com\/schmidt\/wp-content\/uploads\/2017\/11\/berater_rs.jpg&#8220; show_in_lightbox=&#8220;off&#8220; url_new_window=&#8220;off&#8220; use_overlay=&#8220;off&#8220; animation=&#8220;off&#8220; sticky=&#8220;off&#8220; align=&#8220;left&#8220; force_fullwidth=&#8220;off&#8220; always_center_on_mobile=&#8220;on&#8220; use_border_color=&#8220;off&#8220; border_color=&#8220;#ffffff&#8220; border_width=&#8220;1px&#8220; border_style=&#8220;solid&#8220; disabled=&#8220;off&#8220; global_module=&#8220;260&#8243; saved_tabs=&#8220;all&#8220;][\/et_pb_image][et_pb_text background_layout=&#8220;light&#8220; text_orientation=&#8220;left&#8220; admin_label=&#8220;Text&#8220; use_border_color=&#8220;off&#8220; border_color=&#8220;#ffffff&#8220; border_style=&#8220;solid&#8220; custom_margin=&#8220;-10px||0px|&#8220; disabled=&#8220;off&#8220; global_module=&#8220;261&#8243; saved_tabs=&#8220;all&#8220;]<\/p>\n<h3><\/h3>\n<p><strong>Ralf Schmidt<\/strong><b><br \/><\/b><em>Finanz- und Versicherungsmakler<\/em><\/p>\n<p>Langgasse 81<br \/>67454 Ha\u00dfloch<\/p>\n<p><strong>Telefon:\u00a0<\/strong>0 63 24 \/ 92 12 &#8211; 0<br \/><strong>Fax:<\/strong>\u00a00 63 24 \/ 92 12 &#8211; 40<br \/><strong>E-Mail:<\/strong>\u00a0<a href=\"mailto:r.schmidt@wertraum.com\">r.schmidt@wertraum.com<\/a><\/p>\n<p>\u00a0<\/p>\n<p>Ich berate Sie gerne:<\/p>\n<p>\u00a0<\/p>\n<p>[\/et_pb_text][et_pb_button button_url=&#8220;\/schmidt\/kontakt&#8220; url_new_window=&#8220;on&#8220; button_text=&#8220;Jetzt Termin vereinbaren&#8220; button_alignment=&#8220;left&#8220; background_layout=&#8220;dark&#8220; custom_button=&#8220;off&#8220; button_text_size=&#8220;20&#8243; button_use_icon=&#8220;on&#8220; button_icon_placement=&#8220;right&#8220; button_on_hover=&#8220;on&#8220; button_letter_spacing_hover=&#8220;0&#8243; disabled=&#8220;off&#8220; global_module=&#8220;262&#8243; saved_tabs=&#8220;all&#8220;][\/et_pb_button][\/et_pb_column][\/et_pb_row][\/et_pb_section][et_pb_section transparent_background=&#8220;off&#8220; background_color=&#8220;#f2f2f2&#8243; allow_player_pause=&#8220;off&#8220; inner_shadow=&#8220;off&#8220; parallax=&#8220;off&#8220; parallax_method=&#8220;on&#8220; custom_padding=&#8220;0px|0px|0px|0px&#8220; padding_mobile=&#8220;off&#8220; make_fullwidth=&#8220;off&#8220; use_custom_width=&#8220;off&#8220; width_unit=&#8220;off&#8220; custom_width_px=&#8220;1080px&#8220; custom_width_percent=&#8220;80%&#8220; make_equal=&#8220;off&#8220; use_custom_gutter=&#8220;off&#8220; fullwidth=&#8220;off&#8220; specialty=&#8220;off&#8220; admin_label=&#8220;section&#8220; disabled=&#8220;off&#8220; global_module=&#8220;210&#8243;][et_pb_row make_fullwidth=&#8220;off&#8220; use_custom_width=&#8220;off&#8220; width_unit=&#8220;off&#8220; custom_width_px=&#8220;1080px&#8220; custom_width_percent=&#8220;80%&#8220; use_custom_gutter=&#8220;off&#8220; gutter_width=&#8220;3&#8243; custom_padding=&#8220;30px|0px|30px|0px&#8220; padding_mobile=&#8220;off&#8220; allow_player_pause=&#8220;off&#8220; parallax=&#8220;off&#8220; parallax_method=&#8220;on&#8220; make_equal=&#8220;off&#8220; column_padding_mobile=&#8220;on&#8220; parallax_1=&#8220;off&#8220; parallax_method_1=&#8220;on&#8220; parallax_2=&#8220;off&#8220; parallax_method_2=&#8220;on&#8220; parallax_3=&#8220;off&#8220; parallax_method_3=&#8220;on&#8220; parallax_4=&#8220;off&#8220; parallax_method_4=&#8220;on&#8220; disabled=&#8220;off&#8220;][et_pb_column type=&#8220;1_2&#8243; disabled=&#8220;off&#8220; parallax=&#8220;off&#8220; parallax_method=&#8220;on&#8220; column_padding_mobile=&#8220;on&#8220;][et_pb_text background_layout=&#8220;light&#8220; text_orientation=&#8220;left&#8220; use_border_color=&#8220;off&#8220; border_style=&#8220;solid&#8220; disabled=&#8220;off&#8220;]<\/p>\n<p><span>\u00a9 Ralf Schmidt <\/span><span>wertraum GmbH | Design von <a href=\"https:\/\/alena-schmidt.de\" target=\"_blank\" rel=\"noopener\">Alena Schmidt<\/a><\/span><\/p>\n<p>[\/et_pb_text][\/et_pb_column][et_pb_column type=&#8220;1_2&#8243; disabled=&#8220;off&#8220; parallax=&#8220;off&#8220; parallax_method=&#8220;on&#8220; column_padding_mobile=&#8220;on&#8220;][et_pb_text background_layout=&#8220;light&#8220; text_orientation=&#8220;left&#8220; use_border_color=&#8220;off&#8220; border_style=&#8220;solid&#8220; disabled=&#8220;off&#8220;]<\/p>\n<p style=\"text-align: right;\"><a href=\"https:\/\/www.wertraum.com\/schmidt\/datenschutz\/\"><strong style=\"background-color: #f2f2f2; font-size: 14px; text-align: right;\">Datenschutzerkl\u00e4rung\u00a0<\/strong><\/a><span style=\"font-size: 14px; text-align: right; background-color: #f2f2f2;\">|\u00a0<\/span><a href=\"https:\/\/www.wertraum.com\/schmidt\/impressum\/\" style=\"background-color: #f2f2f2; font-size: 14px; text-align: right;\"><strong style=\"font-size: 14px;\">Impressum<\/strong><\/a><\/p>\n<p>[\/et_pb_text][\/et_pb_column][\/et_pb_row][\/et_pb_section]<\/p>\n","protected":false},"excerpt":{"rendered":"<p>[et_pb_section background_image=&#8220;https:\/\/www.wertraum.com\/schmidt\/wp-content\/uploads\/2017\/11\/iStock-603873140_h.jpg&#8220; transparent_background=&#8220;off&#8220; allow_player_pause=&#8220;off&#8220; inner_shadow=&#8220;off&#8220; parallax=&#8220;off&#8220; parallax_method=&#8220;on&#8220; custom_padding=&#8220;54px|0px|312px|0px&#8220; padding_mobile=&#8220;off&#8220; make_fullwidth=&#8220;off&#8220; use_custom_width=&#8220;off&#8220; width_unit=&#8220;off&#8220; custom_width_px=&#8220;1080px&#8220; custom_width_percent=&#8220;80%&#8220; make_equal=&#8220;off&#8220; use_custom_gutter=&#8220;off&#8220; fullwidth=&#8220;off&#8220; specialty=&#8220;off&#8220; admin_label=&#8220;section&#8220; disabled=&#8220;off&#8220;][et_pb_row make_fullwidth=&#8220;off&#8220; use_custom_width=&#8220;off&#8220; width_unit=&#8220;off&#8220; custom_width_px=&#8220;1080px&#8220; custom_width_percent=&#8220;80%&#8220; use_custom_gutter=&#8220;off&#8220; gutter_width=&#8220;3&#8243; padding_mobile=&#8220;off&#8220; allow_player_pause=&#8220;off&#8220; parallax=&#8220;off&#8220; parallax_method=&#8220;on&#8220; make_equal=&#8220;off&#8220; column_padding_mobile=&#8220;on&#8220; parallax_1=&#8220;off&#8220; parallax_method_1=&#8220;on&#8220; parallax_2=&#8220;off&#8220; parallax_method_2=&#8220;on&#8220; parallax_3=&#8220;off&#8220; parallax_method_3=&#8220;on&#8220; parallax_4=&#8220;off&#8220; parallax_method_4=&#8220;on&#8220; admin_label=&#8220;row&#8220; disabled=&#8220;off&#8220;][et_pb_column type=&#8220;4_4&#8243; disabled=&#8220;off&#8220; parallax=&#8220;off&#8220; parallax_method=&#8220;on&#8220; column_padding_mobile=&#8220;on&#8220;][et_pb_image show_in_lightbox=&#8220;off&#8220; url_new_window=&#8220;off&#8220; use_overlay=&#8220;off&#8220; sticky=&#8220;off&#8220; align=&#8220;left&#8220; force_fullwidth=&#8220;off&#8220; always_center_on_mobile=&#8220;on&#8220; [&hellip;]<\/p>\n","protected":false},"author":2,"featured_media":0,"parent":73,"menu_order":0,"comment_status":"closed","ping_status":"closed","template":"","meta":{"_mi_skip_tracking":false},"yoast_head":"<!-- This site is optimized with the Yoast SEO plugin v19.1 - https:\/\/yoast.com\/wordpress\/plugins\/seo\/ -->\n<title>Ruhestandsplanung &bull; Unabh\u00e4ngige Finanz- und Versicherungsberatung | Ralf Schmidt wertraum GmbH<\/title>\n<meta name=\"robots\" content=\"index, follow, max-snippet:-1, max-image-preview:large, max-video-preview:-1\" \/>\n<link rel=\"canonical\" href=\"https:\/\/www.wertraum.com\/schmidt\/absicherung\/ruhestandsplanung\/\" \/>\n<meta property=\"og:locale\" content=\"de_DE\" \/>\n<meta property=\"og:type\" content=\"article\" \/>\n<meta property=\"og:title\" content=\"Ruhestandsplanung &bull; Unabh\u00e4ngige Finanz- und Versicherungsberatung | Ralf Schmidt wertraum GmbH\" \/>\n<meta property=\"og:description\" content=\"[et_pb_section background_image=&#8220;https:\/\/www.wertraum.com\/schmidt\/wp-content\/uploads\/2017\/11\/iStock-603873140_h.jpg&#8220; transparent_background=&#8220;off&#8220; allow_player_pause=&#8220;off&#8220; inner_shadow=&#8220;off&#8220; parallax=&#8220;off&#8220; parallax_method=&#8220;on&#8220; custom_padding=&#8220;54px|0px|312px|0px&#8220; padding_mobile=&#8220;off&#8220; make_fullwidth=&#8220;off&#8220; use_custom_width=&#8220;off&#8220; width_unit=&#8220;off&#8220; custom_width_px=&#8220;1080px&#8220; custom_width_percent=&#8220;80%&#8220; make_equal=&#8220;off&#8220; use_custom_gutter=&#8220;off&#8220; fullwidth=&#8220;off&#8220; specialty=&#8220;off&#8220; admin_label=&#8220;section&#8220; disabled=&#8220;off&#8220;][et_pb_row make_fullwidth=&#8220;off&#8220; use_custom_width=&#8220;off&#8220; width_unit=&#8220;off&#8220; custom_width_px=&#8220;1080px&#8220; custom_width_percent=&#8220;80%&#8220; use_custom_gutter=&#8220;off&#8220; gutter_width=&#8220;3&#8243; padding_mobile=&#8220;off&#8220; allow_player_pause=&#8220;off&#8220; parallax=&#8220;off&#8220; parallax_method=&#8220;on&#8220; make_equal=&#8220;off&#8220; column_padding_mobile=&#8220;on&#8220; parallax_1=&#8220;off&#8220; parallax_method_1=&#8220;on&#8220; parallax_2=&#8220;off&#8220; parallax_method_2=&#8220;on&#8220; parallax_3=&#8220;off&#8220; parallax_method_3=&#8220;on&#8220; parallax_4=&#8220;off&#8220; parallax_method_4=&#8220;on&#8220; admin_label=&#8220;row&#8220; disabled=&#8220;off&#8220;][et_pb_column type=&#8220;4_4&#8243; disabled=&#8220;off&#8220; parallax=&#8220;off&#8220; parallax_method=&#8220;on&#8220; column_padding_mobile=&#8220;on&#8220;][et_pb_image show_in_lightbox=&#8220;off&#8220; url_new_window=&#8220;off&#8220; use_overlay=&#8220;off&#8220; sticky=&#8220;off&#8220; align=&#8220;left&#8220; force_fullwidth=&#8220;off&#8220; always_center_on_mobile=&#8220;on&#8220; [&hellip;]\" \/>\n<meta property=\"og:url\" content=\"https:\/\/www.wertraum.com\/schmidt\/absicherung\/ruhestandsplanung\/\" \/>\n<meta property=\"og:site_name\" content=\"Unabh\u00e4ngige Finanz- und Versicherungsberatung | Ralf Schmidt wertraum GmbH\" \/>\n<meta property=\"article:modified_time\" content=\"2019-03-25T19:59:19+00:00\" \/>\n<meta name=\"twitter:card\" content=\"summary_large_image\" \/>\n<meta name=\"twitter:label1\" content=\"Gesch\u00e4tzte Lesezeit\" \/>\n\t<meta name=\"twitter:data1\" content=\"6\u00a0Minuten\" \/>\n<script type=\"application\/ld+json\" class=\"yoast-schema-graph\">{\"@context\":\"https:\/\/schema.org\",\"@graph\":[{\"@type\":\"Organization\",\"@id\":\"https:\/\/www.wertraum.com\/schmidt\/#organization\",\"name\":\"Ralf Schmidt wertraum GmbH\",\"url\":\"https:\/\/www.wertraum.com\/schmidt\/\",\"sameAs\":[],\"logo\":{\"@type\":\"ImageObject\",\"inLanguage\":\"de\",\"@id\":\"https:\/\/www.wertraum.com\/schmidt\/#\/schema\/logo\/image\/\",\"url\":\"https:\/\/www.wertraum.com\/schmidt\/wp-content\/uploads\/2016\/11\/logo.png\",\"contentUrl\":\"https:\/\/www.wertraum.com\/schmidt\/wp-content\/uploads\/2016\/11\/logo.png\",\"width\":250,\"height\":76,\"caption\":\"Ralf Schmidt wertraum GmbH\"},\"image\":{\"@id\":\"https:\/\/www.wertraum.com\/schmidt\/#\/schema\/logo\/image\/\"}},{\"@type\":\"WebSite\",\"@id\":\"https:\/\/www.wertraum.com\/schmidt\/#website\",\"url\":\"https:\/\/www.wertraum.com\/schmidt\/\",\"name\":\"Unabh\u00e4ngige Finanz- und Versicherungsberatung | Ralf Schmidt wertraum GmbH\",\"description\":\"Als Finanz- und Versicherungsmakler handeln wir ungebunden. Wir beraten frei von \u00fcbergeordneten Konzerninteressen und unterhalten keine finanziellen Verflechtungen zu Banken, Versicherungen oder Investmenth\u00e4usern. Auf dieser Basis erarbeiten wir Finanzl\u00f6sungen, die sich ausschlie\u00dflich an Ihrem Bedarf orientieren. So stehen Sie mit Ihren Zielen und W\u00fcnschen im Mittelpunkt.\",\"publisher\":{\"@id\":\"https:\/\/www.wertraum.com\/schmidt\/#organization\"},\"potentialAction\":[{\"@type\":\"SearchAction\",\"target\":{\"@type\":\"EntryPoint\",\"urlTemplate\":\"https:\/\/www.wertraum.com\/schmidt\/?s={search_term_string}\"},\"query-input\":\"required name=search_term_string\"}],\"inLanguage\":\"de\"},{\"@type\":\"WebPage\",\"@id\":\"https:\/\/www.wertraum.com\/schmidt\/absicherung\/ruhestandsplanung\/#webpage\",\"url\":\"https:\/\/www.wertraum.com\/schmidt\/absicherung\/ruhestandsplanung\/\",\"name\":\"Ruhestandsplanung &bull; Unabh\u00e4ngige Finanz- und Versicherungsberatung | Ralf Schmidt wertraum GmbH\",\"isPartOf\":{\"@id\":\"https:\/\/www.wertraum.com\/schmidt\/#website\"},\"datePublished\":\"2017-07-31T19:41:38+00:00\",\"dateModified\":\"2019-03-25T19:59:19+00:00\",\"breadcrumb\":{\"@id\":\"https:\/\/www.wertraum.com\/schmidt\/absicherung\/ruhestandsplanung\/#breadcrumb\"},\"inLanguage\":\"de\",\"potentialAction\":[{\"@type\":\"ReadAction\",\"target\":[\"https:\/\/www.wertraum.com\/schmidt\/absicherung\/ruhestandsplanung\/\"]}]},{\"@type\":\"BreadcrumbList\",\"@id\":\"https:\/\/www.wertraum.com\/schmidt\/absicherung\/ruhestandsplanung\/#breadcrumb\",\"itemListElement\":[{\"@type\":\"ListItem\",\"position\":1,\"name\":\"Startseite\",\"item\":\"https:\/\/www.wertraum.com\/schmidt\/\"},{\"@type\":\"ListItem\",\"position\":2,\"name\":\"Absicherung\",\"item\":\"https:\/\/www.wertraum.com\/schmidt\/absicherung\/\"},{\"@type\":\"ListItem\",\"position\":3,\"name\":\"Ruhestandsplanung\"}]}]}<\/script>\n<!-- \/ Yoast SEO plugin. -->","yoast_head_json":{"title":"Ruhestandsplanung &bull; Unabh\u00e4ngige Finanz- und Versicherungsberatung | Ralf Schmidt wertraum GmbH","robots":{"index":"index","follow":"follow","max-snippet":"max-snippet:-1","max-image-preview":"max-image-preview:large","max-video-preview":"max-video-preview:-1"},"canonical":"https:\/\/www.wertraum.com\/schmidt\/absicherung\/ruhestandsplanung\/","og_locale":"de_DE","og_type":"article","og_title":"Ruhestandsplanung &bull; Unabh\u00e4ngige Finanz- und Versicherungsberatung | Ralf Schmidt wertraum GmbH","og_description":"[et_pb_section background_image=&#8220;https:\/\/www.wertraum.com\/schmidt\/wp-content\/uploads\/2017\/11\/iStock-603873140_h.jpg&#8220; transparent_background=&#8220;off&#8220; allow_player_pause=&#8220;off&#8220; inner_shadow=&#8220;off&#8220; parallax=&#8220;off&#8220; parallax_method=&#8220;on&#8220; custom_padding=&#8220;54px|0px|312px|0px&#8220; padding_mobile=&#8220;off&#8220; make_fullwidth=&#8220;off&#8220; use_custom_width=&#8220;off&#8220; width_unit=&#8220;off&#8220; custom_width_px=&#8220;1080px&#8220; custom_width_percent=&#8220;80%&#8220; make_equal=&#8220;off&#8220; use_custom_gutter=&#8220;off&#8220; fullwidth=&#8220;off&#8220; specialty=&#8220;off&#8220; admin_label=&#8220;section&#8220; disabled=&#8220;off&#8220;][et_pb_row make_fullwidth=&#8220;off&#8220; use_custom_width=&#8220;off&#8220; width_unit=&#8220;off&#8220; custom_width_px=&#8220;1080px&#8220; custom_width_percent=&#8220;80%&#8220; use_custom_gutter=&#8220;off&#8220; gutter_width=&#8220;3&#8243; padding_mobile=&#8220;off&#8220; allow_player_pause=&#8220;off&#8220; parallax=&#8220;off&#8220; parallax_method=&#8220;on&#8220; make_equal=&#8220;off&#8220; column_padding_mobile=&#8220;on&#8220; parallax_1=&#8220;off&#8220; parallax_method_1=&#8220;on&#8220; parallax_2=&#8220;off&#8220; parallax_method_2=&#8220;on&#8220; parallax_3=&#8220;off&#8220; parallax_method_3=&#8220;on&#8220; parallax_4=&#8220;off&#8220; parallax_method_4=&#8220;on&#8220; admin_label=&#8220;row&#8220; disabled=&#8220;off&#8220;][et_pb_column type=&#8220;4_4&#8243; disabled=&#8220;off&#8220; parallax=&#8220;off&#8220; parallax_method=&#8220;on&#8220; column_padding_mobile=&#8220;on&#8220;][et_pb_image show_in_lightbox=&#8220;off&#8220; url_new_window=&#8220;off&#8220; use_overlay=&#8220;off&#8220; sticky=&#8220;off&#8220; align=&#8220;left&#8220; force_fullwidth=&#8220;off&#8220; always_center_on_mobile=&#8220;on&#8220; [&hellip;]","og_url":"https:\/\/www.wertraum.com\/schmidt\/absicherung\/ruhestandsplanung\/","og_site_name":"Unabh\u00e4ngige Finanz- und Versicherungsberatung | Ralf Schmidt wertraum GmbH","article_modified_time":"2019-03-25T19:59:19+00:00","twitter_card":"summary_large_image","twitter_misc":{"Gesch\u00e4tzte Lesezeit":"6\u00a0Minuten"},"schema":{"@context":"https:\/\/schema.org","@graph":[{"@type":"Organization","@id":"https:\/\/www.wertraum.com\/schmidt\/#organization","name":"Ralf Schmidt wertraum GmbH","url":"https:\/\/www.wertraum.com\/schmidt\/","sameAs":[],"logo":{"@type":"ImageObject","inLanguage":"de","@id":"https:\/\/www.wertraum.com\/schmidt\/#\/schema\/logo\/image\/","url":"https:\/\/www.wertraum.com\/schmidt\/wp-content\/uploads\/2016\/11\/logo.png","contentUrl":"https:\/\/www.wertraum.com\/schmidt\/wp-content\/uploads\/2016\/11\/logo.png","width":250,"height":76,"caption":"Ralf Schmidt wertraum GmbH"},"image":{"@id":"https:\/\/www.wertraum.com\/schmidt\/#\/schema\/logo\/image\/"}},{"@type":"WebSite","@id":"https:\/\/www.wertraum.com\/schmidt\/#website","url":"https:\/\/www.wertraum.com\/schmidt\/","name":"Unabh\u00e4ngige Finanz- und Versicherungsberatung | Ralf Schmidt wertraum GmbH","description":"Als Finanz- und Versicherungsmakler handeln wir ungebunden. Wir beraten frei von \u00fcbergeordneten Konzerninteressen und unterhalten keine finanziellen Verflechtungen zu Banken, Versicherungen oder Investmenth\u00e4usern. Auf dieser Basis erarbeiten wir Finanzl\u00f6sungen, die sich ausschlie\u00dflich an Ihrem Bedarf orientieren. So stehen Sie mit Ihren Zielen und W\u00fcnschen im Mittelpunkt.","publisher":{"@id":"https:\/\/www.wertraum.com\/schmidt\/#organization"},"potentialAction":[{"@type":"SearchAction","target":{"@type":"EntryPoint","urlTemplate":"https:\/\/www.wertraum.com\/schmidt\/?s={search_term_string}"},"query-input":"required name=search_term_string"}],"inLanguage":"de"},{"@type":"WebPage","@id":"https:\/\/www.wertraum.com\/schmidt\/absicherung\/ruhestandsplanung\/#webpage","url":"https:\/\/www.wertraum.com\/schmidt\/absicherung\/ruhestandsplanung\/","name":"Ruhestandsplanung &bull; Unabh\u00e4ngige Finanz- und Versicherungsberatung | Ralf Schmidt wertraum GmbH","isPartOf":{"@id":"https:\/\/www.wertraum.com\/schmidt\/#website"},"datePublished":"2017-07-31T19:41:38+00:00","dateModified":"2019-03-25T19:59:19+00:00","breadcrumb":{"@id":"https:\/\/www.wertraum.com\/schmidt\/absicherung\/ruhestandsplanung\/#breadcrumb"},"inLanguage":"de","potentialAction":[{"@type":"ReadAction","target":["https:\/\/www.wertraum.com\/schmidt\/absicherung\/ruhestandsplanung\/"]}]},{"@type":"BreadcrumbList","@id":"https:\/\/www.wertraum.com\/schmidt\/absicherung\/ruhestandsplanung\/#breadcrumb","itemListElement":[{"@type":"ListItem","position":1,"name":"Startseite","item":"https:\/\/www.wertraum.com\/schmidt\/"},{"@type":"ListItem","position":2,"name":"Absicherung","item":"https:\/\/www.wertraum.com\/schmidt\/absicherung\/"},{"@type":"ListItem","position":3,"name":"Ruhestandsplanung"}]}]}},"_links":{"self":[{"href":"https:\/\/www.wertraum.com\/schmidt\/wp-json\/wp\/v2\/pages\/115"}],"collection":[{"href":"https:\/\/www.wertraum.com\/schmidt\/wp-json\/wp\/v2\/pages"}],"about":[{"href":"https:\/\/www.wertraum.com\/schmidt\/wp-json\/wp\/v2\/types\/page"}],"author":[{"embeddable":true,"href":"https:\/\/www.wertraum.com\/schmidt\/wp-json\/wp\/v2\/users\/2"}],"replies":[{"embeddable":true,"href":"https:\/\/www.wertraum.com\/schmidt\/wp-json\/wp\/v2\/comments?post=115"}],"version-history":[{"count":15,"href":"https:\/\/www.wertraum.com\/schmidt\/wp-json\/wp\/v2\/pages\/115\/revisions"}],"predecessor-version":[{"id":929,"href":"https:\/\/www.wertraum.com\/schmidt\/wp-json\/wp\/v2\/pages\/115\/revisions\/929"}],"up":[{"embeddable":true,"href":"https:\/\/www.wertraum.com\/schmidt\/wp-json\/wp\/v2\/pages\/73"}],"wp:attachment":[{"href":"https:\/\/www.wertraum.com\/schmidt\/wp-json\/wp\/v2\/media?parent=115"}],"curies":[{"name":"wp","href":"https:\/\/api.w.org\/{rel}","templated":true}]}}